{"id":840,"date":"2015-02-03T11:17:31","date_gmt":"2015-02-03T11:17:31","guid":{"rendered":"https:\/\/www.golfinschottland.com\/?page_id=840"},"modified":"2016-03-24T17:36:00","modified_gmt":"2016-03-24T17:36:00","slug":"mentions-legales","status":"publish","type":"page","link":"https:\/\/www.golfinschottland.com\/fr\/mentions-legales\/","title":{"rendered":"Mentions l\u00e9gales"},"content":{"rendered":"<p>&nbsp;<\/p>\n<p><strong>Merci de nous contacter<br \/><\/strong><\/p>\n<p>Golf Maroc<br \/>Tel (fixe) : 04 89 51 00 20<br \/>Email : <a href=\"mailto:info@golfmaroc.com\">info@golfmaroc.com<\/a><\/p>\n","protected":false},"excerpt":{"rendered":"<p>&nbsp; Merci de nous contacter Golf MarocTel (fixe) : 04 89 51 00 20Email : info@golfmaroc.com<\/p>\n","protected":false},"author":4,"featured_media":0,"parent":0,"menu_order":0,"comment_status":"open","ping_status":"open","template":"","meta":{"_genesis_hide_title":false,"_genesis_hide_breadcrumbs":false,"_genesis_hide_singular_image":false,"_genesis_hide_footer_widgets":false,"_genesis_custom_body_class":"","_genesis_custom_post_class":"","_genesis_layout":"","footnotes":""},"class_list":{"0":"post-840","1":"page","2":"type-page","3":"status-publish","5":"entry"},"yoast_head":"<!-- This site is optimized with the Yoast SEO plugin v26.2 - https:\/\/yoast.com\/wordpress\/plugins\/seo\/ -->\n<title>Mentions l\u00e9gales de notre agence Golf Maroc<\/title>\n<meta name=\"description\" content=\"Merci de nous contacter par t\u00e9l\u00e9phone ou par email pour plus d&#039;informations.\" \/>\n<meta name=\"robots\" content=\"index, follow, max-snippet:-1, max-image-preview:large, max-video-preview:-1\" \/>\n<link rel=\"canonical\" href=\"https:\/\/www.golfinschottland.com\/fr\/mentions-legales\/\" \/>\n<meta property=\"og:locale\" content=\"fr_FR\" \/>\n<meta property=\"og:type\" content=\"article\" \/>\n<meta property=\"og:title\" content=\"Mentions l\u00e9gales de notre agence Golf Maroc\" \/>\n<meta property=\"og:description\" content=\"Merci de nous contacter par t\u00e9l\u00e9phone ou par email pour plus d&#039;informations.\" \/>\n<meta property=\"og:url\" content=\"https:\/\/www.golfinschottland.com\/fr\/mentions-legales\/\" \/>\n<meta property=\"og:site_name\" content=\"Golf Schottland - Golfreise nach Schottland auf Deutsch\" \/>\n<meta property=\"article:modified_time\" content=\"2016-03-24T17:36:00+00:00\" \/>\n<meta name=\"twitter:card\" content=\"summary_large_image\" \/>\n<script type=\"application\/ld+json\" class=\"yoast-schema-graph\">{\"@context\":\"https:\/\/schema.org\",\"@graph\":[{\"@type\":\"WebPage\",\"@id\":\"https:\/\/www.golfinschottland.com\/fr\/mentions-legales\/\",\"url\":\"https:\/\/www.golfinschottland.com\/fr\/mentions-legales\/\",\"name\":\"Mentions l\u00e9gales de notre agence Golf Maroc\",\"isPartOf\":{\"@id\":\"https:\/\/www.golfinschottland.com\/#website\"},\"datePublished\":\"2015-02-03T11:17:31+00:00\",\"dateModified\":\"2016-03-24T17:36:00+00:00\",\"description\":\"Merci de nous contacter par t\u00e9l\u00e9phone ou par email pour plus d'informations.\",\"breadcrumb\":{\"@id\":\"https:\/\/www.golfinschottland.com\/fr\/mentions-legales\/#breadcrumb\"},\"inLanguage\":\"fr-FR\",\"potentialAction\":[{\"@type\":\"ReadAction\",\"target\":[\"https:\/\/www.golfinschottland.com\/fr\/mentions-legales\/\"]}]},{\"@type\":\"BreadcrumbList\",\"@id\":\"https:\/\/www.golfinschottland.com\/fr\/mentions-legales\/#breadcrumb\",\"itemListElement\":[{\"@type\":\"ListItem\",\"position\":1,\"name\":\"Startseite\",\"item\":\"https:\/\/www.golfinschottland.com\/\"},{\"@type\":\"ListItem\",\"position\":2,\"name\":\"Mentions l\u00e9gales\"}]},{\"@type\":\"WebSite\",\"@id\":\"https:\/\/www.golfinschottland.com\/#website\",\"url\":\"https:\/\/www.golfinschottland.com\/\",\"name\":\"Golf Schottland - Golfreise nach Schottland auf Deutsch\",\"description\":\"Wir sind ein spezialisiertes Golf Team f\u00fcr Veranstaltungen von ma\u00dfgeschneiderte Golfurlaube in Saint Andrews und in ganz Schottland f\u00fcr alle Gruppengr\u00f6\u00dfen.\",\"potentialAction\":[{\"@type\":\"SearchAction\",\"target\":{\"@type\":\"EntryPoint\",\"urlTemplate\":\"https:\/\/www.golfinschottland.com\/?s={search_term_string}\"},\"query-input\":{\"@type\":\"PropertyValueSpecification\",\"valueRequired\":true,\"valueName\":\"search_term_string\"}}],\"inLanguage\":\"fr-FR\"}]}<\/script>\n<!-- \/ Yoast SEO plugin. -->","yoast_head_json":{"title":"Mentions l\u00e9gales de notre agence Golf Maroc","description":"Merci de nous contacter par t\u00e9l\u00e9phone ou par email pour plus d'informations.","robots":{"index":"index","follow":"follow","max-snippet":"max-snippet:-1","max-image-preview":"max-image-preview:large","max-video-preview":"max-video-preview:-1"},"canonical":"https:\/\/www.golfinschottland.com\/fr\/mentions-legales\/","og_locale":"fr_FR","og_type":"article","og_title":"Mentions l\u00e9gales de notre agence Golf Maroc","og_description":"Merci de nous contacter par t\u00e9l\u00e9phone ou par email pour plus d'informations.","og_url":"https:\/\/www.golfinschottland.com\/fr\/mentions-legales\/","og_site_name":"Golf Schottland - Golfreise nach Schottland auf Deutsch","article_modified_time":"2016-03-24T17:36:00+00:00","twitter_card":"summary_large_image","schema":{"@context":"https:\/\/schema.org","@graph":[{"@type":"WebPage","@id":"https:\/\/www.golfinschottland.com\/fr\/mentions-legales\/","url":"https:\/\/www.golfinschottland.com\/fr\/mentions-legales\/","name":"Mentions l\u00e9gales de notre agence Golf Maroc","isPartOf":{"@id":"https:\/\/www.golfinschottland.com\/#website"},"datePublished":"2015-02-03T11:17:31+00:00","dateModified":"2016-03-24T17:36:00+00:00","description":"Merci de nous contacter par t\u00e9l\u00e9phone ou par email pour plus d'informations.","breadcrumb":{"@id":"https:\/\/www.golfinschottland.com\/fr\/mentions-legales\/#breadcrumb"},"inLanguage":"fr-FR","potentialAction":[{"@type":"ReadAction","target":["https:\/\/www.golfinschottland.com\/fr\/mentions-legales\/"]}]},{"@type":"BreadcrumbList","@id":"https:\/\/www.golfinschottland.com\/fr\/mentions-legales\/#breadcrumb","itemListElement":[{"@type":"ListItem","position":1,"name":"Startseite","item":"https:\/\/www.golfinschottland.com\/"},{"@type":"ListItem","position":2,"name":"Mentions l\u00e9gales"}]},{"@type":"WebSite","@id":"https:\/\/www.golfinschottland.com\/#website","url":"https:\/\/www.golfinschottland.com\/","name":"Golf Schottland - Golfreise nach Schottland auf Deutsch","description":"Wir sind ein spezialisiertes Golf Team f\u00fcr Veranstaltungen von ma\u00dfgeschneiderte Golfurlaube in Saint Andrews und in ganz Schottland f\u00fcr alle Gruppengr\u00f6\u00dfen.","potentialAction":[{"@type":"SearchAction","target":{"@type":"EntryPoint","urlTemplate":"https:\/\/www.golfinschottland.com\/?s={search_term_string}"},"query-input":{"@type":"PropertyValueSpecification","valueRequired":true,"valueName":"search_term_string"}}],"inLanguage":"fr-FR"}]}},"_links":{"self":[{"href":"https:\/\/www.golfinschottland.com\/fr\/wp-json\/wp\/v2\/pages\/840","targetHints":{"allow":["GET"]}}],"collection":[{"href":"https:\/\/www.golfinschottland.com\/fr\/wp-json\/wp\/v2\/pages"}],"about":[{"href":"https:\/\/www.golfinschottland.com\/fr\/wp-json\/wp\/v2\/types\/page"}],"author":[{"embeddable":true,"href":"https:\/\/www.golfinschottland.com\/fr\/wp-json\/wp\/v2\/users\/4"}],"replies":[{"embeddable":true,"href":"https:\/\/www.golfinschottland.com\/fr\/wp-json\/wp\/v2\/comments?post=840"}],"version-history":[{"count":6,"href":"https:\/\/www.golfinschottland.com\/fr\/wp-json\/wp\/v2\/pages\/840\/revisions"}],"predecessor-version":[{"id":4354,"href":"https:\/\/www.golfinschottland.com\/fr\/wp-json\/wp\/v2\/pages\/840\/revisions\/4354"}],"wp:attachment":[{"href":"https:\/\/www.golfinschottland.com\/fr\/wp-json\/wp\/v2\/media?parent=840"}],"curies":[{"name":"wp","href":"https:\/\/api.w.org\/{rel}","templated":true}]}}