{"id":838,"date":"2015-02-03T11:13:32","date_gmt":"2015-02-03T11:13:32","guid":{"rendered":"https:\/\/www.golfinschottland.com\/?page_id=838"},"modified":"2016-03-24T17:27:07","modified_gmt":"2016-03-24T17:27:07","slug":"conditions-de-vente","status":"publish","type":"page","link":"https:\/\/www.golfinschottland.com\/fr\/conditions-de-vente\/","title":{"rendered":"Conditions de vente"},"content":{"rendered":"<p>&nbsp;<\/p>\n<p>Toutes nos prestations pour les s\u00e9jours de golf au Maroc sont garanties en fonction de leur disponibilit\u00e9 au moment de la r\u00e9servation.<\/p>\n<p>Toute r\u00e9servation doit \u00eatre accompagn\u00e9e du versement d&rsquo;un acompte de 30% et d&rsquo;un solde 60 jours avant la date d&rsquo;arriv\u00e9e par virement bancaire ou par carte bancaire.<\/p>\n<p>Nos frais d&rsquo;annulation :<br \/>* Jusqu&rsquo;\u00e0 60 jours avant la date de d\u00e9part, 30% du montant total du voyage<br \/>* De 59 jours \u00e0 30 jours avant la date de d\u00e9part, 60% du montant total du voyage<br \/>* Entre 29 et 15 jours avant le d\u00e9part, 80% du montant total du voyage<br \/>* Moins de 15 jours avant le d\u00e9part, 100% du montant total du voyage<\/p>\n<p>Pour des modifications, nous pouvons appliquer des frais d&rsquo;administration.<strong><br \/><\/strong><br \/>Nous vous recommandons fortement de souscrire \u00e0 une assurance. Nous en proposons une qui est compl\u00e8te et comprend l&rsquo;annulation.<\/p>\n<p>Merci de contacter la personne qui s&rsquo;occupe de la r\u00e9servation \u00e0 ce num\u00e9ro 04 89 51 00 20 ou par email \u00e0 <a href=\"mailto:info@golfmaroc.com\">info@golfmaroc.com<\/a><\/p>\n","protected":false},"excerpt":{"rendered":"<p>&nbsp; Toutes nos prestations pour les s\u00e9jours de golf au Maroc sont garanties en fonction de leur disponibilit\u00e9 au moment de la r\u00e9servation. Toute r\u00e9servation doit \u00eatre accompagn\u00e9e du versement d&rsquo;un acompte de 30% et d&rsquo;un solde 60 jours avant la date d&rsquo;arriv\u00e9e par virement bancaire ou par carte bancaire. Nos frais d&rsquo;annulation :* Jusqu&rsquo;\u00e0 [&hellip;]<\/p>\n","protected":false},"author":4,"featured_media":0,"parent":0,"menu_order":0,"comment_status":"open","ping_status":"open","template":"","meta":{"_genesis_hide_title":false,"_genesis_hide_breadcrumbs":false,"_genesis_hide_singular_image":false,"_genesis_hide_footer_widgets":false,"_genesis_custom_body_class":"","_genesis_custom_post_class":"","_genesis_layout":"full-width-content","footnotes":""},"class_list":{"0":"post-838","1":"page","2":"type-page","3":"status-publish","5":"entry"},"yoast_head":"<!-- This site is optimized with the Yoast SEO plugin v26.2 - https:\/\/yoast.com\/wordpress\/plugins\/seo\/ -->\n<title>Conditions de vente - Voyages de golf au Maroc<\/title>\n<meta name=\"description\" content=\"Les \u00e9l\u00e9ments principaux \u00e0 respecter pour l&#039;organisation des voyages de golf au Maroc entre notre agence et notre client\u00e8le.\" \/>\n<meta name=\"robots\" content=\"index, follow, max-snippet:-1, max-image-preview:large, max-video-preview:-1\" \/>\n<link rel=\"canonical\" href=\"https:\/\/www.golfinschottland.com\/fr\/conditions-de-vente\/\" \/>\n<meta property=\"og:locale\" content=\"fr_FR\" \/>\n<meta property=\"og:type\" content=\"article\" \/>\n<meta property=\"og:title\" content=\"Conditions de vente - Voyages de golf au Maroc\" \/>\n<meta property=\"og:description\" content=\"Les \u00e9l\u00e9ments principaux \u00e0 respecter pour l&#039;organisation des voyages de golf au Maroc entre notre agence et notre client\u00e8le.\" \/>\n<meta property=\"og:url\" content=\"https:\/\/www.golfinschottland.com\/fr\/conditions-de-vente\/\" \/>\n<meta property=\"og:site_name\" content=\"Golf Schottland - Golfreise nach Schottland auf Deutsch\" \/>\n<meta property=\"article:modified_time\" content=\"2016-03-24T17:27:07+00:00\" \/>\n<meta name=\"twitter:card\" content=\"summary_large_image\" \/>\n<meta name=\"twitter:label1\" content=\"Dur\u00e9e de lecture estim\u00e9e\" \/>\n\t<meta name=\"twitter:data1\" content=\"1 minute\" \/>\n<script type=\"application\/ld+json\" class=\"yoast-schema-graph\">{\"@context\":\"https:\/\/schema.org\",\"@graph\":[{\"@type\":\"WebPage\",\"@id\":\"https:\/\/www.golfinschottland.com\/fr\/conditions-de-vente\/\",\"url\":\"https:\/\/www.golfinschottland.com\/fr\/conditions-de-vente\/\",\"name\":\"Conditions de vente - Voyages de golf au Maroc\",\"isPartOf\":{\"@id\":\"https:\/\/www.golfinschottland.com\/#website\"},\"datePublished\":\"2015-02-03T11:13:32+00:00\",\"dateModified\":\"2016-03-24T17:27:07+00:00\",\"description\":\"Les \u00e9l\u00e9ments principaux \u00e0 respecter pour l'organisation des voyages de golf au Maroc entre notre agence et notre client\u00e8le.\",\"breadcrumb\":{\"@id\":\"https:\/\/www.golfinschottland.com\/fr\/conditions-de-vente\/#breadcrumb\"},\"inLanguage\":\"fr-FR\",\"potentialAction\":[{\"@type\":\"ReadAction\",\"target\":[\"https:\/\/www.golfinschottland.com\/fr\/conditions-de-vente\/\"]}]},{\"@type\":\"BreadcrumbList\",\"@id\":\"https:\/\/www.golfinschottland.com\/fr\/conditions-de-vente\/#breadcrumb\",\"itemListElement\":[{\"@type\":\"ListItem\",\"position\":1,\"name\":\"Startseite\",\"item\":\"https:\/\/www.golfinschottland.com\/\"},{\"@type\":\"ListItem\",\"position\":2,\"name\":\"Conditions de vente\"}]},{\"@type\":\"WebSite\",\"@id\":\"https:\/\/www.golfinschottland.com\/#website\",\"url\":\"https:\/\/www.golfinschottland.com\/\",\"name\":\"Golf Schottland - Golfreise nach Schottland auf Deutsch\",\"description\":\"Wir sind ein spezialisiertes Golf Team f\u00fcr Veranstaltungen von ma\u00dfgeschneiderte Golfurlaube in Saint Andrews und in ganz Schottland f\u00fcr alle Gruppengr\u00f6\u00dfen.\",\"potentialAction\":[{\"@type\":\"SearchAction\",\"target\":{\"@type\":\"EntryPoint\",\"urlTemplate\":\"https:\/\/www.golfinschottland.com\/?s={search_term_string}\"},\"query-input\":{\"@type\":\"PropertyValueSpecification\",\"valueRequired\":true,\"valueName\":\"search_term_string\"}}],\"inLanguage\":\"fr-FR\"}]}<\/script>\n<!-- \/ Yoast SEO plugin. -->","yoast_head_json":{"title":"Conditions de vente - Voyages de golf au Maroc","description":"Les \u00e9l\u00e9ments principaux \u00e0 respecter pour l'organisation des voyages de golf au Maroc entre notre agence et notre client\u00e8le.","robots":{"index":"index","follow":"follow","max-snippet":"max-snippet:-1","max-image-preview":"max-image-preview:large","max-video-preview":"max-video-preview:-1"},"canonical":"https:\/\/www.golfinschottland.com\/fr\/conditions-de-vente\/","og_locale":"fr_FR","og_type":"article","og_title":"Conditions de vente - Voyages de golf au Maroc","og_description":"Les \u00e9l\u00e9ments principaux \u00e0 respecter pour l'organisation des voyages de golf au Maroc entre notre agence et notre client\u00e8le.","og_url":"https:\/\/www.golfinschottland.com\/fr\/conditions-de-vente\/","og_site_name":"Golf Schottland - Golfreise nach Schottland auf Deutsch","article_modified_time":"2016-03-24T17:27:07+00:00","twitter_card":"summary_large_image","twitter_misc":{"Dur\u00e9e de lecture estim\u00e9e":"1 minute"},"schema":{"@context":"https:\/\/schema.org","@graph":[{"@type":"WebPage","@id":"https:\/\/www.golfinschottland.com\/fr\/conditions-de-vente\/","url":"https:\/\/www.golfinschottland.com\/fr\/conditions-de-vente\/","name":"Conditions de vente - Voyages de golf au Maroc","isPartOf":{"@id":"https:\/\/www.golfinschottland.com\/#website"},"datePublished":"2015-02-03T11:13:32+00:00","dateModified":"2016-03-24T17:27:07+00:00","description":"Les \u00e9l\u00e9ments principaux \u00e0 respecter pour l'organisation des voyages de golf au Maroc entre notre agence et notre client\u00e8le.","breadcrumb":{"@id":"https:\/\/www.golfinschottland.com\/fr\/conditions-de-vente\/#breadcrumb"},"inLanguage":"fr-FR","potentialAction":[{"@type":"ReadAction","target":["https:\/\/www.golfinschottland.com\/fr\/conditions-de-vente\/"]}]},{"@type":"BreadcrumbList","@id":"https:\/\/www.golfinschottland.com\/fr\/conditions-de-vente\/#breadcrumb","itemListElement":[{"@type":"ListItem","position":1,"name":"Startseite","item":"https:\/\/www.golfinschottland.com\/"},{"@type":"ListItem","position":2,"name":"Conditions de vente"}]},{"@type":"WebSite","@id":"https:\/\/www.golfinschottland.com\/#website","url":"https:\/\/www.golfinschottland.com\/","name":"Golf Schottland - Golfreise nach Schottland auf Deutsch","description":"Wir sind ein spezialisiertes Golf Team f\u00fcr Veranstaltungen von ma\u00dfgeschneiderte Golfurlaube in Saint Andrews und in ganz Schottland f\u00fcr alle Gruppengr\u00f6\u00dfen.","potentialAction":[{"@type":"SearchAction","target":{"@type":"EntryPoint","urlTemplate":"https:\/\/www.golfinschottland.com\/?s={search_term_string}"},"query-input":{"@type":"PropertyValueSpecification","valueRequired":true,"valueName":"search_term_string"}}],"inLanguage":"fr-FR"}]}},"_links":{"self":[{"href":"https:\/\/www.golfinschottland.com\/fr\/wp-json\/wp\/v2\/pages\/838","targetHints":{"allow":["GET"]}}],"collection":[{"href":"https:\/\/www.golfinschottland.com\/fr\/wp-json\/wp\/v2\/pages"}],"about":[{"href":"https:\/\/www.golfinschottland.com\/fr\/wp-json\/wp\/v2\/types\/page"}],"author":[{"embeddable":true,"href":"https:\/\/www.golfinschottland.com\/fr\/wp-json\/wp\/v2\/users\/4"}],"replies":[{"embeddable":true,"href":"https:\/\/www.golfinschottland.com\/fr\/wp-json\/wp\/v2\/comments?post=838"}],"version-history":[{"count":8,"href":"https:\/\/www.golfinschottland.com\/fr\/wp-json\/wp\/v2\/pages\/838\/revisions"}],"predecessor-version":[{"id":4352,"href":"https:\/\/www.golfinschottland.com\/fr\/wp-json\/wp\/v2\/pages\/838\/revisions\/4352"}],"wp:attachment":[{"href":"https:\/\/www.golfinschottland.com\/fr\/wp-json\/wp\/v2\/media?parent=838"}],"curies":[{"name":"wp","href":"https:\/\/api.w.org\/{rel}","templated":true}]}}