{"id":4846,"date":"2017-05-26T22:40:48","date_gmt":"2017-05-26T22:40:48","guid":{"rendered":"https:\/\/www.golfinschottland.com\/?page_id=4846\/"},"modified":"2025-09-09T20:54:59","modified_gmt":"2025-09-09T20:54:59","slug":"region-zentral-golfplatze","status":"publish","type":"page","link":"https:\/\/www.golfinschottland.com\/fr\/golfplatze-in-schottland\/region-zentral-golfplatze\/","title":{"rendered":"Region Zentral Golfpl\u00e4tze"},"content":{"rendered":"<div class=\"two-thirds first\">\n<p>Region Zentral Golfpl\u00e4tze<\/p>\n<p class=\"error\">Basic Google Maps Placemarks erreur\u00a0: les fichiers JavaScript et\/ou CSS n\u2019ont pas pu \u00eatre charg\u00e9s. SI vous utilisez la fonction do_shortcode(), vous devez d\u2019abord ajouter un filtre \u00e0 votre th\u00e8me. Voir <a href=\"http:\/\/wordpress.org\/extend\/plugins\/basic-google-maps-placemarks\/faq\/\">la FAQ<\/a> pour plus de d\u00e9tails.<\/p>\n<\/div>\n<div class=\"one-third\">\n<h2>Golf Course Regions<\/h2>\n<ul>\n<li><a title=\"St Andrews Region\" href=\"https:\/\/www.golfinschottland.com\/fr\/golfplatze-in-schottland\/region-st-andrews-golfplatze\/\">St Andrews Region<\/a><\/li>\n<li><a title=\"Highlands Region\" href=\"https:\/\/www.golfinschottland.com\/fr\/golfplatze-in-schottland\/region-highlands-golfplatze\/\">Highlands Region<\/a><\/li>\n<li><a title=\"S\u00fcdwest Region\" href=\"https:\/\/www.golfinschottland.com\/fr\/golfplatze-in-schottland\/region-sudwest-golfplatze\/\">S\u00fcdwest Region<\/a><\/li>\n<li><a title=\"Edinburgh Region\" href=\"https:\/\/www.golfinschottland.com\/fr\/golfplatze-in-schottland\/region-edinburgh-golfplatze\/\">Edinburgh Region<\/a><\/li>\n<li><a title=\"Zentral Region\" href=\"https:\/\/www.golfinschottland.com\/fr\/golfplatze-in-schottland\/region-zentral-golfplatze\/\">Zentral Region<\/a><\/li>\n<li><a title=\"Aberdeen Region\" href=\"https:\/\/www.golfinschottland.com\/fr\/golfplatze-in-schottland\/region-aberdeen-golfplatze\/\">Aberdeen Region<\/a><\/li>\n<\/ul>\n<h2>Golf Courses<\/h2>\n<ul id=\"bgmp_list\" class=\"bgmp_list\"><li id=\"bgmp_list-item-5094\" class=\"bgmp_list-item\">\n\t<h3 class=\"bgmp_list-placemark-title\">\n\t\tBlairgowrie (Rosemount)\n\t\t\t\t\t<span class=\"bgmp_view-on-map-container\">\n\t\t\t\t[<a href=\"javascript:;\" data-marker-id=\"5094\" class=\"bgmp_view-on-map\">\n\t\t\t\t\tVoir sur la carte\t\t\t\t<\/a>]\n\t\t\t<\/span>\n\t\t\t<\/h3>\n\n\t<div class=\"bgmp_list-description\">\n\t\t\t\t<p><a href=\"https:\/\/www.golfinschottland.com\/golfplatze-in-schottland\/region-zentral-golfplatze\/blairgowrie-rosemount\/\"><img loading=\"lazy\" decoding=\"async\" class=\"size-full wp-image-5431 aligncenter\" src=\"https:\/\/www.golfinschottland.com\/wp-content\/uploads\/2017\/07\/Rosemount-Blairgowrie-golf-in-schottland.jpg\" alt=\"Rosemount Blairgowrie golf \" width=\"150\" height=\"100\" \/><\/a><\/p>\n<p><a href=\"https:\/\/www.golfinschottland.com\/golfplatze-in-schottland\/region-zentral-golfplatze\/blairgowrie-rosemount\/\">Klicken Sie hier f\u00fcr Bilder und Einzelheiten \u00fcber den Platz<\/a><\/p>\n\t<\/div>\n\n\t<p class=\"bgmp_list-link\">\n\t\t<a href=\"http:\/\/google.com\/maps?q=56.573011,+-3.337002\">\n\t\t\t56.573011, -3.337002\t\t<\/a>\n\t<\/p>\n<\/li>\n<li id=\"bgmp_list-item-5098\" class=\"bgmp_list-item\">\n\t<h3 class=\"bgmp_list-placemark-title\">\n\t\tGleneagles (King&rsquo;s)\n\t\t\t\t\t<span class=\"bgmp_view-on-map-container\">\n\t\t\t\t[<a href=\"javascript:;\" data-marker-id=\"5098\" class=\"bgmp_view-on-map\">\n\t\t\t\t\tVoir sur la carte\t\t\t\t<\/a>]\n\t\t\t<\/span>\n\t\t\t<\/h3>\n\n\t<div class=\"bgmp_list-description\">\n\t\t\t\t<p><a href=\"https:\/\/www.golfinschottland.com\/golfplatze-in-schottland\/region-zentral-golfplatze\/kings-gleneagles\/\"><img loading=\"lazy\" decoding=\"async\" class=\"size-full wp-image-5572 aligncenter\" src=\"https:\/\/www.golfinschottland.com\/wp-content\/uploads\/2017\/07\/Green-Kings-Gleneagles-golf-in-schottland.jpg\" alt=\"Gleneagles golf\" width=\"150\" height=\"100\" \/><\/a><\/p>\n<p><a href=\"https:\/\/www.golfinschottland.com\/golfplatze-in-schottland\/region-zentral-golfplatze\/kings-gleneagles\/\">Klicken Sie hier f\u00fcr Bilder und Einzelheiten \u00fcber den Platz<\/a><\/p>\n\t<\/div>\n\n\t<p class=\"bgmp_list-link\">\n\t\t<a href=\"http:\/\/google.com\/maps?q=56.282456,+-3.751713\">\n\t\t\t56.282456, -3.751713\t\t<\/a>\n\t<\/p>\n<\/li>\n<li id=\"bgmp_list-item-5100\" class=\"bgmp_list-item\">\n\t<h3 class=\"bgmp_list-placemark-title\">\n\t\tGleneagles (PGA Centenary)\n\t\t\t\t\t<span class=\"bgmp_view-on-map-container\">\n\t\t\t\t[<a href=\"javascript:;\" data-marker-id=\"5100\" class=\"bgmp_view-on-map\">\n\t\t\t\t\tVoir sur la carte\t\t\t\t<\/a>]\n\t\t\t<\/span>\n\t\t\t<\/h3>\n\n\t<div class=\"bgmp_list-description\">\n\t\t\t\t<p><a href=\"https:\/\/www.golfinschottland.com\/golfplatze-in-schottland\/region-zentral-golfplatze\/pga-centenary-gleneagles\/\"><img loading=\"lazy\" decoding=\"async\" class=\"size-full wp-image-5577 aligncenter\" src=\"https:\/\/www.golfinschottland.com\/wp-content\/uploads\/2017\/07\/PGACentenary-Gleneagles-golf-in-schottland.jpg\" alt=\"PGACentenary Gleneagles golf\" width=\"150\" height=\"100\" \/><\/a><\/p>\n<p><a href=\"https:\/\/www.golfinschottland.com\/golfplatze-in-schottland\/region-zentral-golfplatze\/pga-centenary-gleneagles\/\">Klicken Sie hier f\u00fcr Bilder und Einzelheiten \u00fcber den Platz<\/a><\/p>\n\t<\/div>\n\n\t<p class=\"bgmp_list-link\">\n\t\t<a href=\"http:\/\/google.com\/maps?q=56.283516,+-3.749095\">\n\t\t\t56.283516, -3.749095\t\t<\/a>\n\t<\/p>\n<\/li>\n<li id=\"bgmp_list-item-5102\" class=\"bgmp_list-item\">\n\t<h3 class=\"bgmp_list-placemark-title\">\n\t\tGleneagles (Queen&rsquo;s)\n\t\t\t\t\t<span class=\"bgmp_view-on-map-container\">\n\t\t\t\t[<a href=\"javascript:;\" data-marker-id=\"5102\" class=\"bgmp_view-on-map\">\n\t\t\t\t\tVoir sur la carte\t\t\t\t<\/a>]\n\t\t\t<\/span>\n\t\t\t<\/h3>\n\n\t<div class=\"bgmp_list-description\">\n\t\t\t\t<p><a href=\"https:\/\/www.golfinschottland.com\/golfplatze-in-schottland\/region-zentral-golfplatze\/queens-gleneagles\/\"><img loading=\"lazy\" decoding=\"async\" class=\"size-full wp-image-5582 aligncenter\" src=\"https:\/\/www.golfinschottland.com\/wp-content\/uploads\/2017\/07\/Queens-golf-Gleneagles-golf-in-schottland.jpg\" alt=\"Queens golf Gleneagles golf\" width=\"150\" height=\"116\" \/><\/a><\/p>\n<p><a href=\"https:\/\/www.golfinschottland.com\/golfplatze-in-schottland\/region-zentral-golfplatze\/queens-gleneagles\/\">Klicken Sie hier f\u00fcr Bilder und Einzelheiten \u00fcber den Platz<\/a><\/p>\n\t<\/div>\n\n\t<p class=\"bgmp_list-link\">\n\t\t<a href=\"http:\/\/google.com\/maps?q=56.281878,+-3.754599\">\n\t\t\t56.281878, -3.754599\t\t<\/a>\n\t<\/p>\n<\/li>\n<li id=\"bgmp_list-item-5104\" class=\"bgmp_list-item\">\n\t<h3 class=\"bgmp_list-placemark-title\">\n\t\tPitlochry\n\t\t\t\t\t<span class=\"bgmp_view-on-map-container\">\n\t\t\t\t[<a href=\"javascript:;\" data-marker-id=\"5104\" class=\"bgmp_view-on-map\">\n\t\t\t\t\tVoir sur la carte\t\t\t\t<\/a>]\n\t\t\t<\/span>\n\t\t\t<\/h3>\n\n\t<div class=\"bgmp_list-description\">\n\t\t\t\t<p><a href=\"https:\/\/www.golfinschottland.com\/golfplatze-in-schottland\/region-zentral-golfplatze\/pitlochry\/\"><img loading=\"lazy\" decoding=\"async\" class=\"size-full wp-image-5746 aligncenter\" src=\"https:\/\/www.golfinschottland.com\/wp-content\/uploads\/2017\/07\/Golfeurs-Pitlochry-golf-in-schottland.jpg\" alt=\"Pitlochry Golf\" width=\"150\" height=\"113\" \/><\/a><\/p>\n<p><a href=\"https:\/\/www.golfinschottland.com\/golfplatze-in-schottland\/region-zentral-golfplatze\/pitlochry\/\">Klicken Sie hier f\u00fcr Bilder und Einzelheiten \u00fcber den Platz<\/a><\/p>\n\t<\/div>\n\n\t<p class=\"bgmp_list-link\">\n\t\t<a href=\"http:\/\/google.com\/maps?q=56.710727,+-3.739604\">\n\t\t\t56.710727, -3.739604\t\t<\/a>\n\t<\/p>\n<\/li>\n<\/ul>\n<\/div>\n","protected":false},"excerpt":{"rendered":"<p>Region Zentral Golfpl\u00e4tze Golf Course Regions St Andrews Region Highlands Region S\u00fcdwest Region Edinburgh Region Zentral Region Aberdeen Region Golf Courses<\/p>\n","protected":false},"author":5,"featured_media":0,"parent":51,"menu_order":0,"comment_status":"closed","ping_status":"closed","template":"","meta":{"_genesis_hide_title":false,"_genesis_hide_breadcrumbs":false,"_genesis_hide_singular_image":false,"_genesis_hide_footer_widgets":false,"_genesis_custom_body_class":"","_genesis_custom_post_class":"","_genesis_layout":"","footnotes":""},"class_list":{"0":"post-4846","1":"page","2":"type-page","3":"status-publish","5":"entry"},"yoast_head":"<!-- This site is optimized with the Yoast SEO plugin v27.4 - https:\/\/yoast.com\/product\/yoast-seo-wordpress\/ -->\n<title>Region Zentral Golfpl\u00e4tze - Golf Schottland<\/title>\n<meta name=\"robots\" content=\"index, follow, max-snippet:-1, max-image-preview:large, max-video-preview:-1\" \/>\n<link rel=\"canonical\" href=\"https:\/\/www.golfinschottland.com\/fr\/golfplatze-in-schottland\/region-zentral-golfplatze\/\" \/>\n<meta property=\"og:locale\" content=\"fr_FR\" \/>\n<meta property=\"og:type\" content=\"article\" \/>\n<meta property=\"og:title\" content=\"Region Zentral Golfpl\u00e4tze - Golf Schottland\" \/>\n<meta property=\"og:description\" content=\"Region Zentral Golfpl\u00e4tze Golf Course Regions St Andrews Region Highlands Region S\u00fcdwest Region Edinburgh Region Zentral Region Aberdeen Region Golf Courses\" \/>\n<meta property=\"og:url\" content=\"https:\/\/www.golfinschottland.com\/fr\/golfplatze-in-schottland\/region-zentral-golfplatze\/\" \/>\n<meta property=\"og:site_name\" content=\"Golf Schottland - Golfreise nach Schottland auf Deutsch\" \/>\n<meta property=\"article:modified_time\" content=\"2025-09-09T20:54:59+00:00\" \/>\n<meta name=\"twitter:card\" content=\"summary_large_image\" \/>\n<meta name=\"twitter:label1\" content=\"Dur\u00e9e de lecture estim\u00e9e\" \/>\n\t<meta name=\"twitter:data1\" content=\"1 minute\" \/>\n<script type=\"application\/ld+json\" class=\"yoast-schema-graph\">{\"@context\":\"https:\\\/\\\/schema.org\",\"@graph\":[{\"@type\":\"WebPage\",\"@id\":\"https:\\\/\\\/www.golfinschottland.com\\\/fr\\\/golfplatze-in-schottland\\\/region-zentral-golfplatze\\\/\",\"url\":\"https:\\\/\\\/www.golfinschottland.com\\\/fr\\\/golfplatze-in-schottland\\\/region-zentral-golfplatze\\\/\",\"name\":\"Region Zentral Golfpl\u00e4tze - Golf Schottland\",\"isPartOf\":{\"@id\":\"https:\\\/\\\/www.golfinschottland.com\\\/#website\"},\"datePublished\":\"2017-05-26T22:40:48+00:00\",\"dateModified\":\"2025-09-09T20:54:59+00:00\",\"breadcrumb\":{\"@id\":\"https:\\\/\\\/www.golfinschottland.com\\\/fr\\\/golfplatze-in-schottland\\\/region-zentral-golfplatze\\\/#breadcrumb\"},\"inLanguage\":\"fr-FR\",\"potentialAction\":[{\"@type\":\"ReadAction\",\"target\":[\"https:\\\/\\\/www.golfinschottland.com\\\/fr\\\/golfplatze-in-schottland\\\/region-zentral-golfplatze\\\/\"]}]},{\"@type\":\"BreadcrumbList\",\"@id\":\"https:\\\/\\\/www.golfinschottland.com\\\/fr\\\/golfplatze-in-schottland\\\/region-zentral-golfplatze\\\/#breadcrumb\",\"itemListElement\":[{\"@type\":\"ListItem\",\"position\":1,\"name\":\"Startseite\",\"item\":\"https:\\\/\\\/www.golfinschottland.com\\\/\"},{\"@type\":\"ListItem\",\"position\":2,\"name\":\"Golfpl\u00e4tze in Schottland\",\"item\":\"https:\\\/\\\/www.golfinschottland.com\\\/fr\\\/golfplatze-in-schottland\\\/\"},{\"@type\":\"ListItem\",\"position\":3,\"name\":\"Region Zentral Golfpl\u00e4tze\"}]},{\"@type\":\"WebSite\",\"@id\":\"https:\\\/\\\/www.golfinschottland.com\\\/#website\",\"url\":\"https:\\\/\\\/www.golfinschottland.com\\\/\",\"name\":\"Golf Schottland - Golfreise nach Schottland auf Deutsch\",\"description\":\"Wir sind ein spezialisiertes Golf Team f\u00fcr Veranstaltungen von ma\u00dfgeschneiderte Golfurlaube in Saint Andrews und in ganz Schottland f\u00fcr alle Gruppengr\u00f6\u00dfen.\",\"potentialAction\":[{\"@type\":\"SearchAction\",\"target\":{\"@type\":\"EntryPoint\",\"urlTemplate\":\"https:\\\/\\\/www.golfinschottland.com\\\/?s={search_term_string}\"},\"query-input\":{\"@type\":\"PropertyValueSpecification\",\"valueRequired\":true,\"valueName\":\"search_term_string\"}}],\"inLanguage\":\"fr-FR\"}]}<\/script>\n<!-- \/ Yoast SEO plugin. -->","yoast_head_json":{"title":"Region Zentral Golfpl\u00e4tze - Golf Schottland","robots":{"index":"index","follow":"follow","max-snippet":"max-snippet:-1","max-image-preview":"max-image-preview:large","max-video-preview":"max-video-preview:-1"},"canonical":"https:\/\/www.golfinschottland.com\/fr\/golfplatze-in-schottland\/region-zentral-golfplatze\/","og_locale":"fr_FR","og_type":"article","og_title":"Region Zentral Golfpl\u00e4tze - Golf Schottland","og_description":"Region Zentral Golfpl\u00e4tze Golf Course Regions St Andrews Region Highlands Region S\u00fcdwest Region Edinburgh Region Zentral Region Aberdeen Region Golf Courses","og_url":"https:\/\/www.golfinschottland.com\/fr\/golfplatze-in-schottland\/region-zentral-golfplatze\/","og_site_name":"Golf Schottland - Golfreise nach Schottland auf Deutsch","article_modified_time":"2025-09-09T20:54:59+00:00","twitter_card":"summary_large_image","twitter_misc":{"Dur\u00e9e de lecture estim\u00e9e":"1 minute"},"schema":{"@context":"https:\/\/schema.org","@graph":[{"@type":"WebPage","@id":"https:\/\/www.golfinschottland.com\/fr\/golfplatze-in-schottland\/region-zentral-golfplatze\/","url":"https:\/\/www.golfinschottland.com\/fr\/golfplatze-in-schottland\/region-zentral-golfplatze\/","name":"Region Zentral Golfpl\u00e4tze - Golf Schottland","isPartOf":{"@id":"https:\/\/www.golfinschottland.com\/#website"},"datePublished":"2017-05-26T22:40:48+00:00","dateModified":"2025-09-09T20:54:59+00:00","breadcrumb":{"@id":"https:\/\/www.golfinschottland.com\/fr\/golfplatze-in-schottland\/region-zentral-golfplatze\/#breadcrumb"},"inLanguage":"fr-FR","potentialAction":[{"@type":"ReadAction","target":["https:\/\/www.golfinschottland.com\/fr\/golfplatze-in-schottland\/region-zentral-golfplatze\/"]}]},{"@type":"BreadcrumbList","@id":"https:\/\/www.golfinschottland.com\/fr\/golfplatze-in-schottland\/region-zentral-golfplatze\/#breadcrumb","itemListElement":[{"@type":"ListItem","position":1,"name":"Startseite","item":"https:\/\/www.golfinschottland.com\/"},{"@type":"ListItem","position":2,"name":"Golfpl\u00e4tze in Schottland","item":"https:\/\/www.golfinschottland.com\/fr\/golfplatze-in-schottland\/"},{"@type":"ListItem","position":3,"name":"Region Zentral Golfpl\u00e4tze"}]},{"@type":"WebSite","@id":"https:\/\/www.golfinschottland.com\/#website","url":"https:\/\/www.golfinschottland.com\/","name":"Golf Schottland - Golfreise nach Schottland auf Deutsch","description":"Wir sind ein spezialisiertes Golf Team f\u00fcr Veranstaltungen von ma\u00dfgeschneiderte Golfurlaube in Saint Andrews und in ganz Schottland f\u00fcr alle Gruppengr\u00f6\u00dfen.","potentialAction":[{"@type":"SearchAction","target":{"@type":"EntryPoint","urlTemplate":"https:\/\/www.golfinschottland.com\/?s={search_term_string}"},"query-input":{"@type":"PropertyValueSpecification","valueRequired":true,"valueName":"search_term_string"}}],"inLanguage":"fr-FR"}]}},"_links":{"self":[{"href":"https:\/\/www.golfinschottland.com\/fr\/wp-json\/wp\/v2\/pages\/4846","targetHints":{"allow":["GET"]}}],"collection":[{"href":"https:\/\/www.golfinschottland.com\/fr\/wp-json\/wp\/v2\/pages"}],"about":[{"href":"https:\/\/www.golfinschottland.com\/fr\/wp-json\/wp\/v2\/types\/page"}],"author":[{"embeddable":true,"href":"https:\/\/www.golfinschottland.com\/fr\/wp-json\/wp\/v2\/users\/5"}],"replies":[{"embeddable":true,"href":"https:\/\/www.golfinschottland.com\/fr\/wp-json\/wp\/v2\/comments?post=4846"}],"version-history":[{"count":7,"href":"https:\/\/www.golfinschottland.com\/fr\/wp-json\/wp\/v2\/pages\/4846\/revisions"}],"predecessor-version":[{"id":10035,"href":"https:\/\/www.golfinschottland.com\/fr\/wp-json\/wp\/v2\/pages\/4846\/revisions\/10035"}],"up":[{"embeddable":true,"href":"https:\/\/www.golfinschottland.com\/fr\/wp-json\/wp\/v2\/pages\/51"}],"wp:attachment":[{"href":"https:\/\/www.golfinschottland.com\/fr\/wp-json\/wp\/v2\/media?parent=4846"}],"curies":[{"name":"wp","href":"https:\/\/api.w.org\/{rel}","templated":true}]}}