{"id":4844,"date":"2017-05-26T22:39:58","date_gmt":"2017-05-26T22:39:58","guid":{"rendered":"https:\/\/www.golfinschottland.com\/?page_id=4844\/"},"modified":"2017-06-04T15:56:36","modified_gmt":"2017-06-04T15:56:36","slug":"region-sudwest-golfplatze","status":"publish","type":"page","link":"https:\/\/www.golfinschottland.com\/fr\/golfplatze-in-schottland\/region-sudwest-golfplatze\/","title":{"rendered":"Region S\u00fcdwest Golfpl\u00e4tze"},"content":{"rendered":"<div class=\"two-thirds first\">\n<p>Region S\u00fcdwest Golfpl\u00e4tze<\/p>\n<p>&nbsp;<\/p>\n<p>\u00a0<br \/>\n <p class=\"error\">Basic Google Maps Placemarks erreur\u00a0: les fichiers JavaScript et\/ou CSS n\u2019ont pas pu \u00eatre charg\u00e9s. SI vous utilisez la fonction do_shortcode(), vous devez d\u2019abord ajouter un filtre \u00e0 votre th\u00e8me. Voir <a href=\"http:\/\/wordpress.org\/extend\/plugins\/basic-google-maps-placemarks\/faq\/\">la FAQ<\/a> pour plus de d\u00e9tails.<\/p><\/p>\n<\/div>\n<div class=\"one-third\">\n<h2>Golf Course Regions<\/h2>\n<ul>\n<li><a title=\"St Andrews Region\" href=\"https:\/\/www.golfinschottland.com\/fr\/golfplatze-in-schottland\/region-st-andrews-golfplatze\/\">St Andrews Region<\/a><\/li>\n<li><a title=\"Highlands Region\" href=\"https:\/\/www.golfinschottland.com\/fr\/golfplatze-in-schottland\/region-highlands-golfplatze\/\">Highlands Region<\/a><\/li>\n<li><a title=\"S\u00fcdwest Region\" href=\"https:\/\/www.golfinschottland.com\/fr\/golfplatze-in-schottland\/region-sudwest-golfplatze\/\">S\u00fcdwest Region<\/a><\/li>\n<li><a title=\"Edinburgh Region\" href=\"https:\/\/www.golfinschottland.com\/fr\/golfplatze-in-schottland\/region-edinburgh-golfplatze\/\">Edinburgh Region<\/a><\/li>\n<li><a title=\"Zentral Region\" href=\"https:\/\/www.golfinschottland.com\/fr\/golfplatze-in-schottland\/region-zentral-golfplatze\/\">Zentral Region<\/a><\/li>\n<li><a title=\"Aberdeen Region\" href=\"https:\/\/www.golfinschottland.com\/fr\/golfplatze-in-schottland\/region-aberdeen-golfplatze\/\">Aberdeen Region<\/a><\/li>\n<\/ul>\n<h2>Golf Courses<\/h2>\n<ul id=\"bgmp_list\" class=\"bgmp_list\"><li id=\"bgmp_list-item-5130\" class=\"bgmp_list-item\">\n\t<h3 class=\"bgmp_list-placemark-title\">\n\t\tDundonald Links\n\t\t\t\t\t<span class=\"bgmp_view-on-map-container\">\n\t\t\t\t[<a href=\"javascript:;\" data-marker-id=\"5130\" class=\"bgmp_view-on-map\">\n\t\t\t\t\tVoir sur la carte\t\t\t\t<\/a>]\n\t\t\t<\/span>\n\t\t\t<\/h3>\n\n\t<div class=\"bgmp_list-description\">\n\t\t\t\t<p><a href=\"https:\/\/www.golfinschottland.com\/golfplatze-in-schottland\/region-sudwest-golfplatze\/dundonald\/\"><img loading=\"lazy\" decoding=\"async\" class=\"size-full wp-image-5539 aligncenter\" src=\"https:\/\/www.golfinschottland.com\/wp-content\/uploads\/2017\/07\/Dundonald-golf-in-schottland.jpg\" alt=\"Dundonald golf\" width=\"150\" height=\"100\" \/><\/a><\/p>\n<p><a href=\"https:\/\/www.golfinschottland.com\/golfplatze-in-schottland\/region-sudwest-golfplatze\/dundonald\/\">Klicken Sie hier f\u00fcr Bilder und Einzelheiten \u00fcber den Platz<\/a><\/p>\n\t<\/div>\n\n\t<p class=\"bgmp_list-link\">\n\t\t<a href=\"http:\/\/google.com\/maps?q=55.583957,+-4.649803\">\n\t\t\t55.583957, -4.649803\t\t<\/a>\n\t<\/p>\n<\/li>\n<li id=\"bgmp_list-item-5132\" class=\"bgmp_list-item\">\n\t<h3 class=\"bgmp_list-placemark-title\">\n\t\tGlasgow Gailes\n\t\t\t\t\t<span class=\"bgmp_view-on-map-container\">\n\t\t\t\t[<a href=\"javascript:;\" data-marker-id=\"5132\" class=\"bgmp_view-on-map\">\n\t\t\t\t\tVoir sur la carte\t\t\t\t<\/a>]\n\t\t\t<\/span>\n\t\t\t<\/h3>\n\n\t<div class=\"bgmp_list-description\">\n\t\t\t\t<p><a href=\"https:\/\/www.golfinschottland.com\/golfplatze-in-schottland\/region-sudwest-golfplatze\/glasgow-gailes\/\"><img loading=\"lazy\" decoding=\"async\" class=\"size-full wp-image-5567 aligncenter\" src=\"https:\/\/www.golfinschottland.com\/wp-content\/uploads\/2017\/07\/Glasgow-Gailes-golf-in-schottland.jpg\" alt=\"Glasgow Gailes golf\" width=\"150\" height=\"97\" \/><\/a><\/p>\n<p><a href=\"https:\/\/www.golfinschottland.com\/golfplatze-in-schottland\/region-sudwest-golfplatze\/glasgow-gailes\/\">Klicken Sie hier f\u00fcr Bilder und Einzelheiten \u00fcber den Platz<\/a><\/p>\n\t<\/div>\n\n\t<p class=\"bgmp_list-link\">\n\t\t<a href=\"http:\/\/google.com\/maps?q=55.590582,+-4.662607\">\n\t\t\t55.590582, -4.662607\t\t<\/a>\n\t<\/p>\n<\/li>\n<li id=\"bgmp_list-item-7961\" class=\"bgmp_list-item\">\n\t<h3 class=\"bgmp_list-placemark-title\">\n\t\tIrvine\n\t\t\t\t\t<span class=\"bgmp_view-on-map-container\">\n\t\t\t\t[<a href=\"javascript:;\" data-marker-id=\"7961\" class=\"bgmp_view-on-map\">\n\t\t\t\t\tVoir sur la carte\t\t\t\t<\/a>]\n\t\t\t<\/span>\n\t\t\t<\/h3>\n\n\t<div class=\"bgmp_list-description\">\n\t\t\t\t<p><a href=\"https:\/\/www.golfinschottland.com\/golfplatze-in-schottland\/region-sudwest-golfplatze\/irvine\/\"><img decoding=\"async\" class=\"aligncenter\" src=\"https:\/\/www.golfenecosse.com\/wp-content\/uploads\/2018\/11\/irvine-golf.jpg\" alt=\"Irvine Golf Ecosse\" \/><\/a><\/p>\n<p><a href=\"https:\/\/www.golfinschottland.com\/golfplatze-in-schottland\/region-sudwest-golfplatze\/irvine\/\">Klicken Sie hier f\u00fcr Bilder und Einzelheiten \u00fcber den Platz<\/a><\/p>\n\t<\/div>\n\n\t<p class=\"bgmp_list-link\">\n\t\t<a href=\"http:\/\/google.com\/maps?q=55.626818,+-4.685208\">\n\t\t\t55.626818, -4.685208\t\t<\/a>\n\t<\/p>\n<\/li>\n<li id=\"bgmp_list-item-5136\" class=\"bgmp_list-item\">\n\t<h3 class=\"bgmp_list-placemark-title\">\n\t\tMachrie\n\t\t\t\t\t<span class=\"bgmp_view-on-map-container\">\n\t\t\t\t[<a href=\"javascript:;\" data-marker-id=\"5136\" class=\"bgmp_view-on-map\">\n\t\t\t\t\tVoir sur la carte\t\t\t\t<\/a>]\n\t\t\t<\/span>\n\t\t\t<\/h3>\n\n\t<div class=\"bgmp_list-description\">\n\t\t\t\t<p><a href=\"https:\/\/www.golfinschottland.com\/golfplatze-in-schottland\/region-sudwest-golfplatze\/machrie\/\"><img loading=\"lazy\" decoding=\"async\" class=\"size-full wp-image-5665 aligncenter\" src=\"https:\/\/www.golfinschottland.com\/wp-content\/uploads\/2017\/07\/Machrie-golf-in-schottland.jpg\" alt=\"Machrie Golf\" width=\"150\" height=\"113\" \/><\/a><\/p>\n<p><a href=\"https:\/\/www.golfinschottland.com\/golfplatze-in-schottland\/region-sudwest-golfplatze\/machrie\/\">Klicken Sie hier f\u00fcr Bilder und Einzelheiten \u00fcber den Platz<\/a><\/p>\n\t<\/div>\n\n\t<p class=\"bgmp_list-link\">\n\t\t<a href=\"http:\/\/google.com\/maps?q=55.662543,+-6.257217\">\n\t\t\t55.662543, -6.257217\t\t<\/a>\n\t<\/p>\n<\/li>\n<li id=\"bgmp_list-item-5138\" class=\"bgmp_list-item\">\n\t<h3 class=\"bgmp_list-placemark-title\">\n\t\tMachrihanish\n\t\t\t\t\t<span class=\"bgmp_view-on-map-container\">\n\t\t\t\t[<a href=\"javascript:;\" data-marker-id=\"5138\" class=\"bgmp_view-on-map\">\n\t\t\t\t\tVoir sur la carte\t\t\t\t<\/a>]\n\t\t\t<\/span>\n\t\t\t<\/h3>\n\n\t<div class=\"bgmp_list-description\">\n\t\t\t\t<p><a href=\"https:\/\/www.golfinschottland.com\/golfplatze-in-schottland\/region-sudwest-golfplatze\/machrihanish\/\"><img loading=\"lazy\" decoding=\"async\" class=\"size-full wp-image-5670 aligncenter\" src=\"https:\/\/www.golfinschottland.com\/wp-content\/uploads\/2017\/07\/Machrihanish-golf-in-schottland.jpg\" alt=\"Machrihanish Golf \" width=\"150\" height=\"113\" \/><\/a><\/p>\n<p><a href=\"https:\/\/www.golfinschottland.com\/golfplatze-in-schottland\/region-sudwest-golfplatze\/machrihanish\/\">Klicken Sie hier f\u00fcr Bilder und Einzelheiten \u00fcber den Platz<\/a><\/p>\n\t<\/div>\n\n\t<p class=\"bgmp_list-link\">\n\t\t<a href=\"http:\/\/google.com\/maps?q=55.423132,+-5.732523\">\n\t\t\t55.423132, -5.732523\t\t<\/a>\n\t<\/p>\n<\/li>\n<li id=\"bgmp_list-item-5140\" class=\"bgmp_list-item\">\n\t<h3 class=\"bgmp_list-placemark-title\">\n\t\tMachrihanish Dunes\n\t\t\t\t\t<span class=\"bgmp_view-on-map-container\">\n\t\t\t\t[<a href=\"javascript:;\" data-marker-id=\"5140\" class=\"bgmp_view-on-map\">\n\t\t\t\t\tVoir sur la carte\t\t\t\t<\/a>]\n\t\t\t<\/span>\n\t\t\t<\/h3>\n\n\t<div class=\"bgmp_list-description\">\n\t\t\t\t<p><a href=\"https:\/\/www.golfinschottland.com\/golfplatze-in-schottland\/region-sudwest-golfplatze\/machrihanish-dunes\/\" target=\"_blank\" rel=\"noopener noreferrer\"><img loading=\"lazy\" decoding=\"async\" class=\"aligncenter size-full wp-image-4349\" src=\"https:\/\/www.golftravellers.com\/wp-content\/uploads\/2014\/06\/Machrihanish-Dunes-hole-next-to-the-beach.jpg\" alt=\"Machrihanish Dunes hole next to the beach\" width=\"150\" height=\"100\" \/><\/a><\/p>\n<p><a href=\"https:\/\/www.golfinschottland.com\/golfplatze-in-schottland\/region-sudwest-golfplatze\/machrihanish-dunes\/\" target=\"_blank\" rel=\"noopener noreferrer\">Klicken Sie hier f\u00fcr Bilder und Einzelheiten \u00fcber den Platz<\/a><\/p>\n\t<\/div>\n\n\t<p class=\"bgmp_list-link\">\n\t\t<a href=\"http:\/\/google.com\/maps?q=55.454514,+-5.702197\">\n\t\t\t55.454514, -5.702197\t\t<\/a>\n\t<\/p>\n<\/li>\n<li id=\"bgmp_list-item-5142\" class=\"bgmp_list-item\">\n\t<h3 class=\"bgmp_list-placemark-title\">\n\t\tPrestwick\n\t\t\t\t\t<span class=\"bgmp_view-on-map-container\">\n\t\t\t\t[<a href=\"javascript:;\" data-marker-id=\"5142\" class=\"bgmp_view-on-map\">\n\t\t\t\t\tVoir sur la carte\t\t\t\t<\/a>]\n\t\t\t<\/span>\n\t\t\t<\/h3>\n\n\t<div class=\"bgmp_list-description\">\n\t\t\t\t<p><a href=\"https:\/\/www.golfinschottland.com\/golfplatze-in-schottland\/region-sudwest-golfplatze\/prestwick\/\"><img loading=\"lazy\" decoding=\"async\" class=\"size-full wp-image-5750 aligncenter\" src=\"https:\/\/www.golfinschottland.com\/wp-content\/uploads\/2017\/07\/Prestwick-golf-in-schottland.jpg\" alt=\"Prestwick Golf \" width=\"150\" height=\"113\" \/><\/a><\/p>\n<p><a href=\"https:\/\/www.golfinschottland.com\/golfplatze-in-schottland\/region-sudwest-golfplatze\/prestwick\/\">Klicken Sie hier f\u00fcr Bilder und Einzelheiten \u00fcber den Platz<\/a><\/p>\n\t<\/div>\n\n\t<p class=\"bgmp_list-link\">\n\t\t<a href=\"http:\/\/google.com\/maps?q=55.501549,+-4.614833\">\n\t\t\t55.501549, -4.614833\t\t<\/a>\n\t<\/p>\n<\/li>\n<li id=\"bgmp_list-item-8032\" class=\"bgmp_list-item\">\n\t<h3 class=\"bgmp_list-placemark-title\">\n\t\tPrestwick St Nicholas\n\t\t\t\t\t<span class=\"bgmp_view-on-map-container\">\n\t\t\t\t[<a href=\"javascript:;\" data-marker-id=\"8032\" class=\"bgmp_view-on-map\">\n\t\t\t\t\tVoir sur la carte\t\t\t\t<\/a>]\n\t\t\t<\/span>\n\t\t\t<\/h3>\n\n\t<div class=\"bgmp_list-description\">\n\t\t\t\t<p><a href=\"https:\/\/www.golfinschottland.com\/golfplatze-in-schottland\/region-sudwest-golfplatze\/prestwick-st-nicholas\/\"><img decoding=\"async\" class=\"aligncenter\" src=\"https:\/\/www.golfenecosse.com\/wp-content\/uploads\/2015\/03\/Prestwick-St-Nicholas.jpg\" alt=\"Large green sur le parcours de Prestwick\" \/><\/a><\/p>\n<p><a href=\"https:\/\/www.golfinschottland.com\/golfplatze-in-schottland\/region-sudwest-golfplatze\/prestwick-st-nicholas\/\">Klicken Sie hier f\u00fcr Bilder und Einzelheiten \u00fcber den Platz<\/a><\/p>\n\t<\/div>\n\n\t<p class=\"bgmp_list-link\">\n\t\t<a href=\"http:\/\/google.com\/maps?q=55.493749,+-4.620328\">\n\t\t\t55.493749, -4.620328\t\t<\/a>\n\t<\/p>\n<\/li>\n<li id=\"bgmp_list-item-5146\" class=\"bgmp_list-item\">\n\t<h3 class=\"bgmp_list-placemark-title\">\n\t\tRowallan Castle\n\t\t\t\t\t<span class=\"bgmp_view-on-map-container\">\n\t\t\t\t[<a href=\"javascript:;\" data-marker-id=\"5146\" class=\"bgmp_view-on-map\">\n\t\t\t\t\tVoir sur la carte\t\t\t\t<\/a>]\n\t\t\t<\/span>\n\t\t\t<\/h3>\n\n\t<div class=\"bgmp_list-description\">\n\t\t\t\t<p><a href=\"https:\/\/www.golfinschottland.com\/golfplatze-in-schottland\/region-sudwest-golfplatze\/rowallan-castle\/\"><img loading=\"lazy\" decoding=\"async\" class=\"size-full wp-image-5762 aligncenter\" src=\"https:\/\/www.golfinschottland.com\/wp-content\/uploads\/2017\/07\/Rowallan-Castle-golf-in-schottland.jpg\" alt=\"Rowallan Castle Golf\" width=\"150\" height=\"99\" \/><\/a><\/p>\n<p><a href=\"https:\/\/www.golfinschottland.com\/golfplatze-in-schottland\/region-sudwest-golfplatze\/rowallan-castle\/\">Klicken Sie hier f\u00fcr Bilder und Einzelheiten \u00fcber den Platz<\/a><\/p>\n\t<\/div>\n\n\t<p class=\"bgmp_list-link\">\n\t\t<a href=\"http:\/\/google.com\/maps?q=55.652054,+-4.491353\">\n\t\t\t55.652054, -4.491353\t\t<\/a>\n\t<\/p>\n<\/li>\n<li id=\"bgmp_list-item-5148\" class=\"bgmp_list-item\">\n\t<h3 class=\"bgmp_list-placemark-title\">\n\t\tRoyal Troon (Old Course)\n\t\t\t\t\t<span class=\"bgmp_view-on-map-container\">\n\t\t\t\t[<a href=\"javascript:;\" data-marker-id=\"5148\" class=\"bgmp_view-on-map\">\n\t\t\t\t\tVoir sur la carte\t\t\t\t<\/a>]\n\t\t\t<\/span>\n\t\t\t<\/h3>\n\n\t<div class=\"bgmp_list-description\">\n\t\t\t\t<p><a href=\"https:\/\/www.golfinschottland.com\/golfplatze-in-schottland\/region-sudwest-golfplatze\/royal-troon-old-course\/\"><img loading=\"lazy\" decoding=\"async\" class=\"size-full wp-image-5780 aligncenter\" src=\"https:\/\/www.golfinschottland.com\/wp-content\/uploads\/2017\/07\/Royal-Troon-golf-in-schottland.jpg\" alt=\"Royal Troon Golf\" width=\"150\" height=\"98\" \/><\/a><\/p>\n<p><a href=\"https:\/\/www.golfinschottland.com\/golfplatze-in-schottland\/region-sudwest-golfplatze\/royal-troon-old-course\/\">Klicken Sie hier f\u00fcr Bilder und Einzelheiten \u00fcber den Platz<\/a><\/p>\n\t<\/div>\n\n\t<p class=\"bgmp_list-link\">\n\t\t<a href=\"http:\/\/google.com\/maps?q=55.532711,+-4.647226\">\n\t\t\t55.532711, -4.647226\t\t<\/a>\n\t<\/p>\n<\/li>\n<li id=\"bgmp_list-item-5150\" class=\"bgmp_list-item\">\n\t<h3 class=\"bgmp_list-placemark-title\">\n\t\tThe Carrick (Loch Lomond)\n\t\t\t\t\t<span class=\"bgmp_view-on-map-container\">\n\t\t\t\t[<a href=\"javascript:;\" data-marker-id=\"5150\" class=\"bgmp_view-on-map\">\n\t\t\t\t\tVoir sur la carte\t\t\t\t<\/a>]\n\t\t\t<\/span>\n\t\t\t<\/h3>\n\n\t<div class=\"bgmp_list-description\">\n\t\t\t\t<p><a href=\"https:\/\/www.golfinschottland.com\/golfplatze-in-schottland\/region-sudwest-golfplatze\/carrick-loch-lomond\/\"><img loading=\"lazy\" decoding=\"async\" class=\"size-full wp-image-5807 aligncenter\" src=\"https:\/\/www.golfinschottland.com\/wp-content\/uploads\/2017\/07\/the-Carrick-loch-lomond-golf-in-schottland.jpg\" alt=\"The Carrick Loch Lomond Golf\" width=\"150\" height=\"86\" \/><\/a><\/p>\n<p><a href=\"https:\/\/www.golfinschottland.com\/golfplatze-in-schottland\/region-sudwest-golfplatze\/carrick-loch-lomond\/\">Klicken Sie hier f\u00fcr Bilder und Einzelheiten \u00fcber den Platz<\/a><\/p>\n\t<\/div>\n\n\t<p class=\"bgmp_list-link\">\n\t\t<a href=\"http:\/\/google.com\/maps?q=56.039854,+-4.638942\">\n\t\t\t56.039854, -4.638942\t\t<\/a>\n\t<\/p>\n<\/li>\n<li id=\"bgmp_list-item-5152\" class=\"bgmp_list-item\">\n\t<h3 class=\"bgmp_list-placemark-title\">\n\t\tTurnberry (Ailsa)\n\t\t\t\t\t<span class=\"bgmp_view-on-map-container\">\n\t\t\t\t[<a href=\"javascript:;\" data-marker-id=\"5152\" class=\"bgmp_view-on-map\">\n\t\t\t\t\tVoir sur la carte\t\t\t\t<\/a>]\n\t\t\t<\/span>\n\t\t\t<\/h3>\n\n\t<div class=\"bgmp_list-description\">\n\t\t\t\t<p><a href=\"https:\/\/www.golfinschottland.com\/golfplatze-in-schottland\/region-sudwest-golfplatze\/ailsa-turnberry\/\"><img loading=\"lazy\" decoding=\"async\" class=\"size-full wp-image-5832 aligncenter\" src=\"https:\/\/www.golfinschottland.com\/wp-content\/uploads\/2017\/07\/Ailsa-Turnberry-golf-in-schottland.jpg\" alt=\"Ailsa Turnberry Golf \" width=\"150\" height=\"100\" \/><\/a><\/p>\n<p><a href=\"https:\/\/www.golfinschottland.com\/golfplatze-in-schottland\/region-sudwest-golfplatze\/ailsa-turnberry\/\">Klicken Sie hier f\u00fcr Bilder und Einzelheiten \u00fcber den Platz<\/a><\/p>\n\t<\/div>\n\n\t<p class=\"bgmp_list-link\">\n\t\t<a href=\"http:\/\/google.com\/maps?q=55.313706,+-4.829632\">\n\t\t\t55.313706, -4.829632\t\t<\/a>\n\t<\/p>\n<\/li>\n<li id=\"bgmp_list-item-5154\" class=\"bgmp_list-item\">\n\t<h3 class=\"bgmp_list-placemark-title\">\n\t\tTurnberry (KRTB)\n\t\t\t\t\t<span class=\"bgmp_view-on-map-container\">\n\t\t\t\t[<a href=\"javascript:;\" data-marker-id=\"5154\" class=\"bgmp_view-on-map\">\n\t\t\t\t\tVoir sur la carte\t\t\t\t<\/a>]\n\t\t\t<\/span>\n\t\t\t<\/h3>\n\n\t<div class=\"bgmp_list-description\">\n\t\t\t\t<p><a href=\"https:\/\/www.golfinschottland.com\/golfplatze-in-schottland\/region-sudwest-golfplatze\/king-robert-the-bruce-turnberry\/\"><img loading=\"lazy\" decoding=\"async\" class=\"size-full wp-image-5837 aligncenter\" src=\"https:\/\/www.golfinschottland.com\/wp-content\/uploads\/2017\/07\/Kintyre-Turnberry-golf-in-schottland.jpg\" alt=\"Kintyre Turnberry Golf\" width=\"150\" height=\"100\" \/><\/a><\/p>\n<p><a href=\"https:\/\/www.golfinschottland.com\/golfplatze-in-schottland\/region-sudwest-golfplatze\/king-robert-the-bruce-turnberry\/\" target=\"_blank\" rel=\"noopener\">Klicken Sie hier f\u00fcr Bilder und Einzelheiten \u00fcber den Platz<\/a><\/p>\n\t<\/div>\n\n\t<p class=\"bgmp_list-link\">\n\t\t<a href=\"http:\/\/google.com\/maps?q=55.314716,+-4.829984\">\n\t\t\t55.314716, -4.829984\t\t<\/a>\n\t<\/p>\n<\/li>\n<li id=\"bgmp_list-item-5156\" class=\"bgmp_list-item\">\n\t<h3 class=\"bgmp_list-placemark-title\">\n\t\tWestern Gailes\n\t\t\t\t\t<span class=\"bgmp_view-on-map-container\">\n\t\t\t\t[<a href=\"javascript:;\" data-marker-id=\"5156\" class=\"bgmp_view-on-map\">\n\t\t\t\t\tVoir sur la carte\t\t\t\t<\/a>]\n\t\t\t<\/span>\n\t\t\t<\/h3>\n\n\t<div class=\"bgmp_list-description\">\n\t\t\t\t<p><a href=\"https:\/\/www.golfinschottland.com\/golfplatze-in-schottland\/region-sudwest-golfplatze\/western-gailes\/\"><img loading=\"lazy\" decoding=\"async\" class=\"size-full wp-image-5841 aligncenter\" src=\"https:\/\/www.golfinschottland.com\/wp-content\/uploads\/2017\/07\/Western-Gailes-golf-in-schottland.jpg\" alt=\"Western Gailes Golf\" width=\"150\" height=\"100\" \/><\/a><\/p>\n<p><a href=\"https:\/\/www.golfinschottland.com\/golfplatze-in-schottland\/region-sudwest-golfplatze\/western-gailes\/\">Klicken Sie hier f\u00fcr Bilder und Einzelheiten \u00fcber den Platz<\/a><\/p>\n\t<\/div>\n\n\t<p class=\"bgmp_list-link\">\n\t\t<a href=\"http:\/\/google.com\/maps?q=55.583369,+-4.662564\">\n\t\t\t55.583369, -4.662564\t\t<\/a>\n\t<\/p>\n<\/li>\n<\/ul>\n<\/div>\n","protected":false},"excerpt":{"rendered":"<p>Region S\u00fcdwest Golfpl\u00e4tze &nbsp; \u00a0 Golf Course Regions St Andrews Region Highlands Region S\u00fcdwest Region Edinburgh Region Zentral Region Aberdeen Region Golf Courses<\/p>\n","protected":false},"author":5,"featured_media":0,"parent":51,"menu_order":0,"comment_status":"closed","ping_status":"closed","template":"","meta":{"_genesis_hide_title":false,"_genesis_hide_breadcrumbs":false,"_genesis_hide_singular_image":false,"_genesis_hide_footer_widgets":false,"_genesis_custom_body_class":"","_genesis_custom_post_class":"","_genesis_layout":"","footnotes":""},"class_list":{"0":"post-4844","1":"page","2":"type-page","3":"status-publish","5":"entry"},"yoast_head":"<!-- This site is optimized with the Yoast SEO plugin v27.4 - https:\/\/yoast.com\/product\/yoast-seo-wordpress\/ -->\n<title>Region S\u00fcdwest Golfpl\u00e4tze - Golf Schottland<\/title>\n<meta name=\"robots\" content=\"index, follow, max-snippet:-1, max-image-preview:large, max-video-preview:-1\" \/>\n<link rel=\"canonical\" href=\"https:\/\/www.golfinschottland.com\/fr\/golfplatze-in-schottland\/region-sudwest-golfplatze\/\" \/>\n<meta property=\"og:locale\" content=\"fr_FR\" \/>\n<meta property=\"og:type\" content=\"article\" \/>\n<meta property=\"og:title\" content=\"Region S\u00fcdwest Golfpl\u00e4tze - Golf Schottland\" \/>\n<meta property=\"og:description\" content=\"Region S\u00fcdwest Golfpl\u00e4tze &nbsp; \u00a0 Golf Course Regions St Andrews Region Highlands Region S\u00fcdwest Region Edinburgh Region Zentral Region Aberdeen Region Golf Courses\" \/>\n<meta property=\"og:url\" content=\"https:\/\/www.golfinschottland.com\/fr\/golfplatze-in-schottland\/region-sudwest-golfplatze\/\" \/>\n<meta property=\"og:site_name\" content=\"Golf Schottland - Golfreise nach Schottland auf Deutsch\" \/>\n<meta property=\"article:modified_time\" content=\"2017-06-04T15:56:36+00:00\" \/>\n<meta name=\"twitter:card\" content=\"summary_large_image\" \/>\n<script type=\"application\/ld+json\" class=\"yoast-schema-graph\">{\"@context\":\"https:\\\/\\\/schema.org\",\"@graph\":[{\"@type\":\"WebPage\",\"@id\":\"https:\\\/\\\/www.golfinschottland.com\\\/fr\\\/golfplatze-in-schottland\\\/region-sudwest-golfplatze\\\/\",\"url\":\"https:\\\/\\\/www.golfinschottland.com\\\/fr\\\/golfplatze-in-schottland\\\/region-sudwest-golfplatze\\\/\",\"name\":\"Region S\u00fcdwest Golfpl\u00e4tze - Golf Schottland\",\"isPartOf\":{\"@id\":\"https:\\\/\\\/www.golfinschottland.com\\\/#website\"},\"datePublished\":\"2017-05-26T22:39:58+00:00\",\"dateModified\":\"2017-06-04T15:56:36+00:00\",\"breadcrumb\":{\"@id\":\"https:\\\/\\\/www.golfinschottland.com\\\/fr\\\/golfplatze-in-schottland\\\/region-sudwest-golfplatze\\\/#breadcrumb\"},\"inLanguage\":\"fr-FR\",\"potentialAction\":[{\"@type\":\"ReadAction\",\"target\":[\"https:\\\/\\\/www.golfinschottland.com\\\/fr\\\/golfplatze-in-schottland\\\/region-sudwest-golfplatze\\\/\"]}]},{\"@type\":\"BreadcrumbList\",\"@id\":\"https:\\\/\\\/www.golfinschottland.com\\\/fr\\\/golfplatze-in-schottland\\\/region-sudwest-golfplatze\\\/#breadcrumb\",\"itemListElement\":[{\"@type\":\"ListItem\",\"position\":1,\"name\":\"Startseite\",\"item\":\"https:\\\/\\\/www.golfinschottland.com\\\/\"},{\"@type\":\"ListItem\",\"position\":2,\"name\":\"Golfpl\u00e4tze in Schottland\",\"item\":\"https:\\\/\\\/www.golfinschottland.com\\\/fr\\\/golfplatze-in-schottland\\\/\"},{\"@type\":\"ListItem\",\"position\":3,\"name\":\"Region S\u00fcdwest Golfpl\u00e4tze\"}]},{\"@type\":\"WebSite\",\"@id\":\"https:\\\/\\\/www.golfinschottland.com\\\/#website\",\"url\":\"https:\\\/\\\/www.golfinschottland.com\\\/\",\"name\":\"Golf Schottland - Golfreise nach Schottland auf Deutsch\",\"description\":\"Wir sind ein spezialisiertes Golf Team f\u00fcr Veranstaltungen von ma\u00dfgeschneiderte Golfurlaube in Saint Andrews und in ganz Schottland f\u00fcr alle Gruppengr\u00f6\u00dfen.\",\"potentialAction\":[{\"@type\":\"SearchAction\",\"target\":{\"@type\":\"EntryPoint\",\"urlTemplate\":\"https:\\\/\\\/www.golfinschottland.com\\\/?s={search_term_string}\"},\"query-input\":{\"@type\":\"PropertyValueSpecification\",\"valueRequired\":true,\"valueName\":\"search_term_string\"}}],\"inLanguage\":\"fr-FR\"}]}<\/script>\n<!-- \/ Yoast SEO plugin. -->","yoast_head_json":{"title":"Region S\u00fcdwest Golfpl\u00e4tze - Golf Schottland","robots":{"index":"index","follow":"follow","max-snippet":"max-snippet:-1","max-image-preview":"max-image-preview:large","max-video-preview":"max-video-preview:-1"},"canonical":"https:\/\/www.golfinschottland.com\/fr\/golfplatze-in-schottland\/region-sudwest-golfplatze\/","og_locale":"fr_FR","og_type":"article","og_title":"Region S\u00fcdwest Golfpl\u00e4tze - Golf Schottland","og_description":"Region S\u00fcdwest Golfpl\u00e4tze &nbsp; \u00a0 Golf Course Regions St Andrews Region Highlands Region S\u00fcdwest Region Edinburgh Region Zentral Region Aberdeen Region Golf Courses","og_url":"https:\/\/www.golfinschottland.com\/fr\/golfplatze-in-schottland\/region-sudwest-golfplatze\/","og_site_name":"Golf Schottland - Golfreise nach Schottland auf Deutsch","article_modified_time":"2017-06-04T15:56:36+00:00","twitter_card":"summary_large_image","schema":{"@context":"https:\/\/schema.org","@graph":[{"@type":"WebPage","@id":"https:\/\/www.golfinschottland.com\/fr\/golfplatze-in-schottland\/region-sudwest-golfplatze\/","url":"https:\/\/www.golfinschottland.com\/fr\/golfplatze-in-schottland\/region-sudwest-golfplatze\/","name":"Region S\u00fcdwest Golfpl\u00e4tze - Golf Schottland","isPartOf":{"@id":"https:\/\/www.golfinschottland.com\/#website"},"datePublished":"2017-05-26T22:39:58+00:00","dateModified":"2017-06-04T15:56:36+00:00","breadcrumb":{"@id":"https:\/\/www.golfinschottland.com\/fr\/golfplatze-in-schottland\/region-sudwest-golfplatze\/#breadcrumb"},"inLanguage":"fr-FR","potentialAction":[{"@type":"ReadAction","target":["https:\/\/www.golfinschottland.com\/fr\/golfplatze-in-schottland\/region-sudwest-golfplatze\/"]}]},{"@type":"BreadcrumbList","@id":"https:\/\/www.golfinschottland.com\/fr\/golfplatze-in-schottland\/region-sudwest-golfplatze\/#breadcrumb","itemListElement":[{"@type":"ListItem","position":1,"name":"Startseite","item":"https:\/\/www.golfinschottland.com\/"},{"@type":"ListItem","position":2,"name":"Golfpl\u00e4tze in Schottland","item":"https:\/\/www.golfinschottland.com\/fr\/golfplatze-in-schottland\/"},{"@type":"ListItem","position":3,"name":"Region S\u00fcdwest Golfpl\u00e4tze"}]},{"@type":"WebSite","@id":"https:\/\/www.golfinschottland.com\/#website","url":"https:\/\/www.golfinschottland.com\/","name":"Golf Schottland - Golfreise nach Schottland auf Deutsch","description":"Wir sind ein spezialisiertes Golf Team f\u00fcr Veranstaltungen von ma\u00dfgeschneiderte Golfurlaube in Saint Andrews und in ganz Schottland f\u00fcr alle Gruppengr\u00f6\u00dfen.","potentialAction":[{"@type":"SearchAction","target":{"@type":"EntryPoint","urlTemplate":"https:\/\/www.golfinschottland.com\/?s={search_term_string}"},"query-input":{"@type":"PropertyValueSpecification","valueRequired":true,"valueName":"search_term_string"}}],"inLanguage":"fr-FR"}]}},"_links":{"self":[{"href":"https:\/\/www.golfinschottland.com\/fr\/wp-json\/wp\/v2\/pages\/4844","targetHints":{"allow":["GET"]}}],"collection":[{"href":"https:\/\/www.golfinschottland.com\/fr\/wp-json\/wp\/v2\/pages"}],"about":[{"href":"https:\/\/www.golfinschottland.com\/fr\/wp-json\/wp\/v2\/types\/page"}],"author":[{"embeddable":true,"href":"https:\/\/www.golfinschottland.com\/fr\/wp-json\/wp\/v2\/users\/5"}],"replies":[{"embeddable":true,"href":"https:\/\/www.golfinschottland.com\/fr\/wp-json\/wp\/v2\/comments?post=4844"}],"version-history":[{"count":2,"href":"https:\/\/www.golfinschottland.com\/fr\/wp-json\/wp\/v2\/pages\/4844\/revisions"}],"predecessor-version":[{"id":4854,"href":"https:\/\/www.golfinschottland.com\/fr\/wp-json\/wp\/v2\/pages\/4844\/revisions\/4854"}],"up":[{"embeddable":true,"href":"https:\/\/www.golfinschottland.com\/fr\/wp-json\/wp\/v2\/pages\/51"}],"wp:attachment":[{"href":"https:\/\/www.golfinschottland.com\/fr\/wp-json\/wp\/v2\/media?parent=4844"}],"curies":[{"name":"wp","href":"https:\/\/api.w.org\/{rel}","templated":true}]}}