{"id":4840,"date":"2017-05-26T22:38:17","date_gmt":"2017-05-26T22:38:17","guid":{"rendered":"https:\/\/www.golfinschottland.com\/?page_id=4840\/"},"modified":"2017-06-04T15:58:19","modified_gmt":"2017-06-04T15:58:19","slug":"region-edinburgh-golfplatze","status":"publish","type":"page","link":"https:\/\/www.golfinschottland.com\/fr\/golfplatze-in-schottland\/region-edinburgh-golfplatze\/","title":{"rendered":"Region Edinburgh Golfpl\u00e4tze"},"content":{"rendered":"<div class=\"two-thirds first\">\n<p>Region Edinburgh Golfpl\u00e4tze<\/p>\n<p>&nbsp;<\/p>\n<p class=\"error\">Basic Google Maps Placemarks erreur\u00a0: les fichiers JavaScript et\/ou CSS n\u2019ont pas pu \u00eatre charg\u00e9s. SI vous utilisez la fonction do_shortcode(), vous devez d\u2019abord ajouter un filtre \u00e0 votre th\u00e8me. Voir <a href=\"http:\/\/wordpress.org\/extend\/plugins\/basic-google-maps-placemarks\/faq\/\">la FAQ<\/a> pour plus de d\u00e9tails.<\/p>\n<\/div>\n<div class=\"one-third\">\n<h2>Golf Course Regions<\/h2>\n<ul>\n<li><a title=\"St Andrews Region\" href=\"https:\/\/www.golfinschottland.com\/fr\/golfplatze-in-schottland\/region-st-andrews-golfplatze\/\">St Andrews Region<\/a><\/li>\n<li><a title=\"Highlands Region\" href=\"https:\/\/www.golfinschottland.com\/fr\/golfplatze-in-schottland\/region-highlands-golfplatze\/\">Highlands Region<\/a><\/li>\n<li><a title=\"S\u00fcdwest Region\" href=\"https:\/\/www.golfinschottland.com\/fr\/golfplatze-in-schottland\/region-sudwest-golfplatze\/\">S\u00fcdwest Region<\/a><\/li>\n<li><a title=\"Edinburgh Region\" href=\"https:\/\/www.golfinschottland.com\/fr\/golfplatze-in-schottland\/region-edinburgh-golfplatze\/\">Edinburgh Region<\/a><\/li>\n<li><a title=\"Zentral Region\" href=\"https:\/\/www.golfinschottland.com\/fr\/golfplatze-in-schottland\/region-zentral-golfplatze\/\">Zentral Region<\/a><\/li>\n<li><a title=\"Aberdeen Region\" href=\"https:\/\/www.golfinschottland.com\/fr\/golfplatze-in-schottland\/region-aberdeen-golfplatze\/\">Aberdeen Region<\/a><\/li>\n<\/ul>\n<h2>Golf Courses<\/h2>\n<ul id=\"bgmp_list\" class=\"bgmp_list\"><li id=\"bgmp_list-item-5106\" class=\"bgmp_list-item\">\n\t<h3 class=\"bgmp_list-placemark-title\">\n\t\tCraigielaw\n\t\t\t\t\t<span class=\"bgmp_view-on-map-container\">\n\t\t\t\t[<a href=\"javascript:;\" data-marker-id=\"5106\" class=\"bgmp_view-on-map\">\n\t\t\t\t\tVoir sur la carte\t\t\t\t<\/a>]\n\t\t\t<\/span>\n\t\t\t<\/h3>\n\n\t<div class=\"bgmp_list-description\">\n\t\t\t\t<p><a href=\"https:\/\/www.golfinschottland.com\/golfplatze-in-schottland\/region-edinburgh-golfplatze\/craigielaw\/\"><img loading=\"lazy\" decoding=\"async\" class=\"size-full wp-image-5510 aligncenter\" src=\"https:\/\/www.golfinschottland.com\/wp-content\/uploads\/2017\/07\/Craigielaw-golf-in-schottland.jpg\" alt=\"Craigielaw golf \" width=\"150\" height=\"101\" \/><\/a><\/p>\n<p><a href=\"https:\/\/www.golfinschottland.com\/golfplatze-in-schottland\/region-edinburgh-golfplatze\/craigielaw\/\">Klicken Sie hier f\u00fcr Bilder und Einzelheiten \u00fcber den Platz<\/a><\/p>\n\t<\/div>\n\n\t<p class=\"bgmp_list-link\">\n\t\t<a href=\"http:\/\/google.com\/maps?q=56.007453,+-2.879155\">\n\t\t\t56.007453, -2.879155\t\t<\/a>\n\t<\/p>\n<\/li>\n<li id=\"bgmp_list-item-5108\" class=\"bgmp_list-item\">\n\t<h3 class=\"bgmp_list-placemark-title\">\n\t\tDalmahoy (East)\n\t\t\t\t\t<span class=\"bgmp_view-on-map-container\">\n\t\t\t\t[<a href=\"javascript:;\" data-marker-id=\"5108\" class=\"bgmp_view-on-map\">\n\t\t\t\t\tVoir sur la carte\t\t\t\t<\/a>]\n\t\t\t<\/span>\n\t\t\t<\/h3>\n\n\t<div class=\"bgmp_list-description\">\n\t\t\t\t<p><a href=\"https:\/\/www.golfinschottland.com\/golfplatze-in-schottland\/region-edinburgh-golfplatze\/dalmahoy-east-course\/\"><img loading=\"lazy\" decoding=\"async\" class=\"size-full wp-image-5525 aligncenter\" src=\"https:\/\/www.golfinschottland.com\/wp-content\/uploads\/2017\/07\/Dalmahoy-golf-in-schottland.jpg\" alt=\"Dalmahoy golf \" width=\"150\" height=\"100\" \/><\/a><\/p>\n<p><a href=\"https:\/\/www.golfinschottland.com\/golfplatze-in-schottland\/region-edinburgh-golfplatze\/dalmahoy-east-course\/\">Klicken Sie hier f\u00fcr Bilder und Einzelheiten \u00fcber den Platz<\/a><\/p>\n\t<\/div>\n\n\t<p class=\"bgmp_list-link\">\n\t\t<a href=\"http:\/\/google.com\/maps?q=55.903809,+-3.371453\">\n\t\t\t55.903809, -3.371453\t\t<\/a>\n\t<\/p>\n<\/li>\n<li id=\"bgmp_list-item-5110\" class=\"bgmp_list-item\">\n\t<h3 class=\"bgmp_list-placemark-title\">\n\t\tDunbar\n\t\t\t\t\t<span class=\"bgmp_view-on-map-container\">\n\t\t\t\t[<a href=\"javascript:;\" data-marker-id=\"5110\" class=\"bgmp_view-on-map\">\n\t\t\t\t\tVoir sur la carte\t\t\t\t<\/a>]\n\t\t\t<\/span>\n\t\t\t<\/h3>\n\n\t<div class=\"bgmp_list-description\">\n\t\t\t\t<p><a href=\"https:\/\/www.golfinschottland.com\/golfplatze-in-schottland\/region-edinburgh-golfplatze\/dunbar\/\"><img loading=\"lazy\" decoding=\"async\" class=\"size-full wp-image-5535 aligncenter\" src=\"https:\/\/www.golfinschottland.com\/wp-content\/uploads\/2017\/07\/Dunbar-golf-in-schottland.jpg\" alt=\"Dunbar golf\" width=\"150\" height=\"97\" \/><\/a><\/p>\n<p><a href=\"https:\/\/www.golfinschottland.com\/golfplatze-in-schottland\/region-edinburgh-golfplatze\/dunbar\/\">Klicken Sie hier f\u00fcr Bilder und Einzelheiten \u00fcber den Platz<\/a><\/p>\n\t<\/div>\n\n\t<p class=\"bgmp_list-link\">\n\t\t<a href=\"http:\/\/google.com\/maps?q=55.997727,+-2.500719\">\n\t\t\t55.997727, -2.500719\t\t<\/a>\n\t<\/p>\n<\/li>\n<li id=\"bgmp_list-item-5112\" class=\"bgmp_list-item\">\n\t<h3 class=\"bgmp_list-placemark-title\">\n\t\tGullane No. 1\n\t\t\t\t\t<span class=\"bgmp_view-on-map-container\">\n\t\t\t\t[<a href=\"javascript:;\" data-marker-id=\"5112\" class=\"bgmp_view-on-map\">\n\t\t\t\t\tVoir sur la carte\t\t\t\t<\/a>]\n\t\t\t<\/span>\n\t\t\t<\/h3>\n\n\t<div class=\"bgmp_list-description\">\n\t\t\t\t<p><a href=\"https:\/\/www.golfinschottland.com\/golfplatze-in-schottland\/region-edinburgh-golfplatze\/gullane-nr-1\/\"><img loading=\"lazy\" decoding=\"async\" class=\"size-full wp-image-5596 aligncenter\" src=\"https:\/\/www.golfinschottland.com\/wp-content\/uploads\/2017\/07\/Gullane-N1-golf-in-schottland.jpg\" alt=\"Gullane N1 golf \" width=\"150\" height=\"99\" \/><\/a><\/p>\n<p><a href=\"https:\/\/www.golfinschottland.com\/golfplatze-in-schottland\/region-edinburgh-golfplatze\/gullane-nr-1\/\">Klicken Sie hier f\u00fcr Bilder und Einzelheiten \u00fcber den Platz<\/a><\/p>\n\t<\/div>\n\n\t<p class=\"bgmp_list-link\">\n\t\t<a href=\"http:\/\/google.com\/maps?q=56.033772,+-2.837026\">\n\t\t\t56.033772, -2.837026\t\t<\/a>\n\t<\/p>\n<\/li>\n<li id=\"bgmp_list-item-5114\" class=\"bgmp_list-item\">\n\t<h3 class=\"bgmp_list-placemark-title\">\n\t\tGullane No. 2\n\t\t\t\t\t<span class=\"bgmp_view-on-map-container\">\n\t\t\t\t[<a href=\"javascript:;\" data-marker-id=\"5114\" class=\"bgmp_view-on-map\">\n\t\t\t\t\tVoir sur la carte\t\t\t\t<\/a>]\n\t\t\t<\/span>\n\t\t\t<\/h3>\n\n\t<div class=\"bgmp_list-description\">\n\t\t\t\t<p><a href=\"https:\/\/www.golfinschottland.com\/golfplatze-in-schottland\/region-edinburgh-golfplatze\/gullane-nr-2\/\"><img loading=\"lazy\" decoding=\"async\" class=\"size-full wp-image-5601 aligncenter\" src=\"https:\/\/www.golfinschottland.com\/wp-content\/uploads\/2017\/07\/Gullane-n2-golf-in-schottland.jpg\" alt=\"Gullane n2 golf \" width=\"150\" height=\"98\" \/><\/a><\/p>\n<p><a href=\"https:\/\/www.golfinschottland.com\/golfplatze-in-schottland\/region-edinburgh-golfplatze\/gullane-nr-2\/\">Klicken Sie hier f\u00fcr Bilder und Einzelheiten \u00fcber den Platz<\/a><\/p>\n\t<\/div>\n\n\t<p class=\"bgmp_list-link\">\n\t\t<a href=\"http:\/\/google.com\/maps?q=56.032963,+-2.835492\">\n\t\t\t56.032963, -2.835492\t\t<\/a>\n\t<\/p>\n<\/li>\n<li id=\"bgmp_list-item-5116\" class=\"bgmp_list-item\">\n\t<h3 class=\"bgmp_list-placemark-title\">\n\t\tKilspindie\n\t\t\t\t\t<span class=\"bgmp_view-on-map-container\">\n\t\t\t\t[<a href=\"javascript:;\" data-marker-id=\"5116\" class=\"bgmp_view-on-map\">\n\t\t\t\t\tVoir sur la carte\t\t\t\t<\/a>]\n\t\t\t<\/span>\n\t\t\t<\/h3>\n\n\t<div class=\"bgmp_list-description\">\n\t\t\t\t<p><a href=\"https:\/\/www.golfinschottland.com\/golfplatze-in-schottland\/region-edinburgh-golfplatze\/kilspindie\/\"><img loading=\"lazy\" decoding=\"async\" class=\"size-full wp-image-5615 aligncenter\" src=\"https:\/\/www.golfinschottland.com\/wp-content\/uploads\/2017\/07\/Kilspindie-golf-in-schottland.jpg\" alt=\"Kilspindie golf\" width=\"150\" height=\"100\" \/><\/a><\/p>\n<p><a href=\"https:\/\/www.golfinschottland.com\/golfplatze-in-schottland\/region-edinburgh-golfplatze\/kilspindie\/\">Klicken Sie hier f\u00fcr Bilder und Einzelheiten \u00fcber den Platz<\/a><\/p>\n\t<\/div>\n\n\t<p class=\"bgmp_list-link\">\n\t\t<a href=\"http:\/\/google.com\/maps?q=56.011837,+-2.873852\">\n\t\t\t56.011837, -2.873852\t\t<\/a>\n\t<\/p>\n<\/li>\n<li id=\"bgmp_list-item-8018\" class=\"bgmp_list-item\">\n\t<h3 class=\"bgmp_list-placemark-title\">\n\t\tLongniddry\n\t\t\t\t\t<span class=\"bgmp_view-on-map-container\">\n\t\t\t\t[<a href=\"javascript:;\" data-marker-id=\"8018\" class=\"bgmp_view-on-map\">\n\t\t\t\t\tVoir sur la carte\t\t\t\t<\/a>]\n\t\t\t<\/span>\n\t\t\t<\/h3>\n\n\t<div class=\"bgmp_list-description\">\n\t\t\t\t<p><a href=\"https:\/\/www.golfinschottland.com\/golfplatze-in-schottland\/region-sudwest-golfplatze\/longniddry\/\"><img decoding=\"async\" class=\"aligncenter\" src=\"https:\/\/www.golfenecosse.com\/wp-content\/uploads\/2016\/07\/longniddry-golf-ecosse.jpg\" alt=\"Golf de Longniddry en Ecosse\" \/><\/a><\/p>\n<p><a href=\"https:\/\/www.golfinschottland.com\/golfplatze-in-schottland\/region-sudwest-golfplatze\/longniddry\/\">Klicken Sie hier f\u00fcr Bilder und Einzelheiten \u00fcber den Platz<\/a><\/p>\n\t<\/div>\n\n\t<p class=\"bgmp_list-link\">\n\t\t<a href=\"http:\/\/google.com\/maps?q=55.978235,+-2.902584\">\n\t\t\t55.978235, -2.902584\t\t<\/a>\n\t<\/p>\n<\/li>\n<li id=\"bgmp_list-item-5122\" class=\"bgmp_list-item\">\n\t<h3 class=\"bgmp_list-placemark-title\">\n\t\tMuirfield\n\t\t\t\t\t<span class=\"bgmp_view-on-map-container\">\n\t\t\t\t[<a href=\"javascript:;\" data-marker-id=\"5122\" class=\"bgmp_view-on-map\">\n\t\t\t\t\tVoir sur la carte\t\t\t\t<\/a>]\n\t\t\t<\/span>\n\t\t\t<\/h3>\n\n\t<div class=\"bgmp_list-description\">\n\t\t\t\t<p><a href=\"https:\/\/www.golfinschottland.com\/golfplatze-in-schottland\/region-edinburgh-golfplatze\/muirfield\/\"><img loading=\"lazy\" decoding=\"async\" class=\"size-full wp-image-5701 aligncenter\" src=\"https:\/\/www.golfinschottland.com\/wp-content\/uploads\/2017\/07\/Muirfield-golf-in-schottland.jpg\" alt=\"Muirfield Golf \" width=\"150\" height=\"113\" \/><\/a><\/p>\n<p><a href=\"https:\/\/www.golfinschottland.com\/golfplatze-in-schottland\/region-edinburgh-golfplatze\/muirfield\/\">Klicken Sie hier f\u00fcr Bilder und Einzelheiten \u00fcber den Platz<\/a><\/p>\n\t<\/div>\n\n\t<p class=\"bgmp_list-link\">\n\t\t<a href=\"http:\/\/google.com\/maps?q=56.041488,+-2.821491\">\n\t\t\t56.041488, -2.821491\t\t<\/a>\n\t<\/p>\n<\/li>\n<li id=\"bgmp_list-item-5124\" class=\"bgmp_list-item\">\n\t<h3 class=\"bgmp_list-placemark-title\">\n\t\tNorth Berwick\n\t\t\t\t\t<span class=\"bgmp_view-on-map-container\">\n\t\t\t\t[<a href=\"javascript:;\" data-marker-id=\"5124\" class=\"bgmp_view-on-map\">\n\t\t\t\t\tVoir sur la carte\t\t\t\t<\/a>]\n\t\t\t<\/span>\n\t\t\t<\/h3>\n\n\t<div class=\"bgmp_list-description\">\n\t\t\t\t<p><a href=\"https:\/\/www.golfinschottland.com\/golfplatze-in-schottland\/region-edinburgh-golfplatze\/north-berwick\/\"><img loading=\"lazy\" decoding=\"async\" class=\"size-full wp-image-5730 aligncenter\" src=\"https:\/\/www.golfinschottland.com\/wp-content\/uploads\/2017\/07\/North-Berwick-golf-in-schottland.jpg\" alt=\"North Berwick Golf\" width=\"150\" height=\"94\" \/><\/a><\/p>\n<p><a href=\"https:\/\/www.golfinschottland.com\/golfplatze-in-schottland\/region-edinburgh-golfplatze\/north-berwick\/\">Klicken Sie hier f\u00fcr Bilder und Einzelheiten \u00fcber den Platz<\/a><\/p>\n\t<\/div>\n\n\t<p class=\"bgmp_list-link\">\n\t\t<a href=\"http:\/\/google.com\/maps?q=56.058902,+-2.727765\">\n\t\t\t56.058902, -2.727765\t\t<\/a>\n\t<\/p>\n<\/li>\n<li id=\"bgmp_list-item-5480\" class=\"bgmp_list-item\">\n\t<h3 class=\"bgmp_list-placemark-title\">\n\t\tRenaissance Club\n\t\t\t\t\t<span class=\"bgmp_view-on-map-container\">\n\t\t\t\t[<a href=\"javascript:;\" data-marker-id=\"5480\" class=\"bgmp_view-on-map\">\n\t\t\t\t\tVoir sur la carte\t\t\t\t<\/a>]\n\t\t\t<\/span>\n\t\t\t<\/h3>\n\n\t<div class=\"bgmp_list-description\">\n\t\t\t\t<p><a href=\"https:\/\/www.golfinschottland.com\/golfplatze-in-schottland\/region-edinburgh-golfplatze\/renaissance-club\/\"><img loading=\"lazy\" decoding=\"async\" class=\"size-full wp-image-5756 aligncenter\" src=\"https:\/\/www.golfinschottland.com\/wp-content\/uploads\/2017\/07\/Renaissance-golf-in-schottland.jpg\" alt=\"Renaissance Golf\" width=\"150\" height=\"100\" \/><\/a><\/p>\n<p><a href=\"https:\/\/www.golfinschottland.com\/golfplatze-in-schottland\/region-edinburgh-golfplatze\/renaissance-club\/\">Klicken Sie hier f\u00fcr Bilder und Einzelheiten \u00fcber den Platz<\/a><\/p>\n\t<\/div>\n\n\t<p class=\"bgmp_list-link\">\n\t\t<a href=\"http:\/\/google.com\/maps?q=56.050765,+-2.809547\">\n\t\t\t56.050765, -2.809547\t\t<\/a>\n\t<\/p>\n<\/li>\n<li id=\"bgmp_list-item-5126\" class=\"bgmp_list-item\">\n\t<h3 class=\"bgmp_list-placemark-title\">\n\t\tRoyal Musselburgh\n\t\t\t\t\t<span class=\"bgmp_view-on-map-container\">\n\t\t\t\t[<a href=\"javascript:;\" data-marker-id=\"5126\" class=\"bgmp_view-on-map\">\n\t\t\t\t\tVoir sur la carte\t\t\t\t<\/a>]\n\t\t\t<\/span>\n\t\t\t<\/h3>\n\n\t<div class=\"bgmp_list-description\">\n\t\t\t\t<p><a href=\"https:\/\/www.golfinschottland.com\/golfplatze-in-schottland\/region-edinburgh-golfplatze\/royal-musselburgh\/\"><img loading=\"lazy\" decoding=\"async\" class=\"size-full wp-image-5776 aligncenter\" src=\"https:\/\/www.golfinschottland.com\/wp-content\/uploads\/2017\/07\/Royal-Musselburgh-golf-in-schottland.jpg\" alt=\"Royal Musselburgh Golf \" width=\"150\" height=\"109\" \/><\/a><\/p>\n<p><a href=\"https:\/\/www.golfinschottland.com\/golfplatze-in-schottland\/region-edinburgh-golfplatze\/royal-musselburgh\/\">Klicken Sie hier f\u00fcr Bilder und Einzelheiten \u00fcber den Platz<\/a><\/p>\n\t<\/div>\n\n\t<p class=\"bgmp_list-link\">\n\t\t<a href=\"http:\/\/google.com\/maps?q=55.951994,+-2.996766\">\n\t\t\t55.951994, -2.996766\t\t<\/a>\n\t<\/p>\n<\/li>\n<li id=\"bgmp_list-item-5128\" class=\"bgmp_list-item\">\n\t<h3 class=\"bgmp_list-placemark-title\">\n\t\tThe Glen\n\t\t\t\t\t<span class=\"bgmp_view-on-map-container\">\n\t\t\t\t[<a href=\"javascript:;\" data-marker-id=\"5128\" class=\"bgmp_view-on-map\">\n\t\t\t\t\tVoir sur la carte\t\t\t\t<\/a>]\n\t\t\t<\/span>\n\t\t\t<\/h3>\n\n\t<div class=\"bgmp_list-description\">\n\t\t\t\t<p><a href=\"https:\/\/www.golfinschottland.com\/golfplatze-in-schottland\/region-edinburgh-golfplatze\/the-glen\/\"><img loading=\"lazy\" decoding=\"async\" class=\"size-full wp-image-5817 aligncenter\" src=\"https:\/\/www.golfinschottland.com\/wp-content\/uploads\/2017\/07\/Glen-golf-golf-in-schottland.jpg\" alt=\"Glen Golf \" width=\"150\" height=\"114\" \/><\/a><\/p>\n<p><a href=\"https:\/\/www.golfinschottland.com\/golfplatze-in-schottland\/region-edinburgh-golfplatze\/the-glen\/\">Klicken Sie hier f\u00fcr Bilder und Einzelheiten \u00fcber den Platz<\/a><\/p>\n\t<\/div>\n\n\t<p class=\"bgmp_list-link\">\n\t\t<a href=\"http:\/\/google.com\/maps?q=56.056932,+-2.702479\">\n\t\t\t56.056932, -2.702479\t\t<\/a>\n\t<\/p>\n<\/li>\n<\/ul>\n<\/div>\n","protected":false},"excerpt":{"rendered":"<p>Region Edinburgh Golfpl\u00e4tze &nbsp; Golf Course Regions St Andrews Region Highlands Region S\u00fcdwest Region Edinburgh Region Zentral Region Aberdeen Region Golf Courses<\/p>\n","protected":false},"author":5,"featured_media":0,"parent":51,"menu_order":0,"comment_status":"closed","ping_status":"closed","template":"","meta":{"_genesis_hide_title":false,"_genesis_hide_breadcrumbs":false,"_genesis_hide_singular_image":false,"_genesis_hide_footer_widgets":false,"_genesis_custom_body_class":"","_genesis_custom_post_class":"","_genesis_layout":"","footnotes":""},"class_list":{"0":"post-4840","1":"page","2":"type-page","3":"status-publish","5":"entry"},"yoast_head":"<!-- This site is optimized with the Yoast SEO plugin v27.4 - https:\/\/yoast.com\/product\/yoast-seo-wordpress\/ -->\n<title>Region Edinburgh Golfpl\u00e4tze - Golf Schottland<\/title>\n<meta name=\"robots\" content=\"index, follow, max-snippet:-1, max-image-preview:large, max-video-preview:-1\" \/>\n<link rel=\"canonical\" href=\"https:\/\/www.golfinschottland.com\/fr\/golfplatze-in-schottland\/region-edinburgh-golfplatze\/\" \/>\n<meta property=\"og:locale\" content=\"fr_FR\" \/>\n<meta property=\"og:type\" content=\"article\" \/>\n<meta property=\"og:title\" content=\"Region Edinburgh Golfpl\u00e4tze - Golf Schottland\" \/>\n<meta property=\"og:description\" content=\"Region Edinburgh Golfpl\u00e4tze &nbsp; Golf Course Regions St Andrews Region Highlands Region S\u00fcdwest Region Edinburgh Region Zentral Region Aberdeen Region Golf Courses\" \/>\n<meta property=\"og:url\" content=\"https:\/\/www.golfinschottland.com\/fr\/golfplatze-in-schottland\/region-edinburgh-golfplatze\/\" \/>\n<meta property=\"og:site_name\" content=\"Golf Schottland - Golfreise nach Schottland auf Deutsch\" \/>\n<meta property=\"article:modified_time\" content=\"2017-06-04T15:58:19+00:00\" \/>\n<meta name=\"twitter:card\" content=\"summary_large_image\" \/>\n<script type=\"application\/ld+json\" class=\"yoast-schema-graph\">{\"@context\":\"https:\\\/\\\/schema.org\",\"@graph\":[{\"@type\":\"WebPage\",\"@id\":\"https:\\\/\\\/www.golfinschottland.com\\\/fr\\\/golfplatze-in-schottland\\\/region-edinburgh-golfplatze\\\/\",\"url\":\"https:\\\/\\\/www.golfinschottland.com\\\/fr\\\/golfplatze-in-schottland\\\/region-edinburgh-golfplatze\\\/\",\"name\":\"Region Edinburgh Golfpl\u00e4tze - Golf Schottland\",\"isPartOf\":{\"@id\":\"https:\\\/\\\/www.golfinschottland.com\\\/#website\"},\"datePublished\":\"2017-05-26T22:38:17+00:00\",\"dateModified\":\"2017-06-04T15:58:19+00:00\",\"breadcrumb\":{\"@id\":\"https:\\\/\\\/www.golfinschottland.com\\\/fr\\\/golfplatze-in-schottland\\\/region-edinburgh-golfplatze\\\/#breadcrumb\"},\"inLanguage\":\"fr-FR\",\"potentialAction\":[{\"@type\":\"ReadAction\",\"target\":[\"https:\\\/\\\/www.golfinschottland.com\\\/fr\\\/golfplatze-in-schottland\\\/region-edinburgh-golfplatze\\\/\"]}]},{\"@type\":\"BreadcrumbList\",\"@id\":\"https:\\\/\\\/www.golfinschottland.com\\\/fr\\\/golfplatze-in-schottland\\\/region-edinburgh-golfplatze\\\/#breadcrumb\",\"itemListElement\":[{\"@type\":\"ListItem\",\"position\":1,\"name\":\"Startseite\",\"item\":\"https:\\\/\\\/www.golfinschottland.com\\\/\"},{\"@type\":\"ListItem\",\"position\":2,\"name\":\"Golfpl\u00e4tze in Schottland\",\"item\":\"https:\\\/\\\/www.golfinschottland.com\\\/fr\\\/golfplatze-in-schottland\\\/\"},{\"@type\":\"ListItem\",\"position\":3,\"name\":\"Region Edinburgh Golfpl\u00e4tze\"}]},{\"@type\":\"WebSite\",\"@id\":\"https:\\\/\\\/www.golfinschottland.com\\\/#website\",\"url\":\"https:\\\/\\\/www.golfinschottland.com\\\/\",\"name\":\"Golf Schottland - Golfreise nach Schottland auf Deutsch\",\"description\":\"Wir sind ein spezialisiertes Golf Team f\u00fcr Veranstaltungen von ma\u00dfgeschneiderte Golfurlaube in Saint Andrews und in ganz Schottland f\u00fcr alle Gruppengr\u00f6\u00dfen.\",\"potentialAction\":[{\"@type\":\"SearchAction\",\"target\":{\"@type\":\"EntryPoint\",\"urlTemplate\":\"https:\\\/\\\/www.golfinschottland.com\\\/?s={search_term_string}\"},\"query-input\":{\"@type\":\"PropertyValueSpecification\",\"valueRequired\":true,\"valueName\":\"search_term_string\"}}],\"inLanguage\":\"fr-FR\"}]}<\/script>\n<!-- \/ Yoast SEO plugin. -->","yoast_head_json":{"title":"Region Edinburgh Golfpl\u00e4tze - Golf Schottland","robots":{"index":"index","follow":"follow","max-snippet":"max-snippet:-1","max-image-preview":"max-image-preview:large","max-video-preview":"max-video-preview:-1"},"canonical":"https:\/\/www.golfinschottland.com\/fr\/golfplatze-in-schottland\/region-edinburgh-golfplatze\/","og_locale":"fr_FR","og_type":"article","og_title":"Region Edinburgh Golfpl\u00e4tze - Golf Schottland","og_description":"Region Edinburgh Golfpl\u00e4tze &nbsp; Golf Course Regions St Andrews Region Highlands Region S\u00fcdwest Region Edinburgh Region Zentral Region Aberdeen Region Golf Courses","og_url":"https:\/\/www.golfinschottland.com\/fr\/golfplatze-in-schottland\/region-edinburgh-golfplatze\/","og_site_name":"Golf Schottland - Golfreise nach Schottland auf Deutsch","article_modified_time":"2017-06-04T15:58:19+00:00","twitter_card":"summary_large_image","schema":{"@context":"https:\/\/schema.org","@graph":[{"@type":"WebPage","@id":"https:\/\/www.golfinschottland.com\/fr\/golfplatze-in-schottland\/region-edinburgh-golfplatze\/","url":"https:\/\/www.golfinschottland.com\/fr\/golfplatze-in-schottland\/region-edinburgh-golfplatze\/","name":"Region Edinburgh Golfpl\u00e4tze - Golf Schottland","isPartOf":{"@id":"https:\/\/www.golfinschottland.com\/#website"},"datePublished":"2017-05-26T22:38:17+00:00","dateModified":"2017-06-04T15:58:19+00:00","breadcrumb":{"@id":"https:\/\/www.golfinschottland.com\/fr\/golfplatze-in-schottland\/region-edinburgh-golfplatze\/#breadcrumb"},"inLanguage":"fr-FR","potentialAction":[{"@type":"ReadAction","target":["https:\/\/www.golfinschottland.com\/fr\/golfplatze-in-schottland\/region-edinburgh-golfplatze\/"]}]},{"@type":"BreadcrumbList","@id":"https:\/\/www.golfinschottland.com\/fr\/golfplatze-in-schottland\/region-edinburgh-golfplatze\/#breadcrumb","itemListElement":[{"@type":"ListItem","position":1,"name":"Startseite","item":"https:\/\/www.golfinschottland.com\/"},{"@type":"ListItem","position":2,"name":"Golfpl\u00e4tze in Schottland","item":"https:\/\/www.golfinschottland.com\/fr\/golfplatze-in-schottland\/"},{"@type":"ListItem","position":3,"name":"Region Edinburgh Golfpl\u00e4tze"}]},{"@type":"WebSite","@id":"https:\/\/www.golfinschottland.com\/#website","url":"https:\/\/www.golfinschottland.com\/","name":"Golf Schottland - Golfreise nach Schottland auf Deutsch","description":"Wir sind ein spezialisiertes Golf Team f\u00fcr Veranstaltungen von ma\u00dfgeschneiderte Golfurlaube in Saint Andrews und in ganz Schottland f\u00fcr alle Gruppengr\u00f6\u00dfen.","potentialAction":[{"@type":"SearchAction","target":{"@type":"EntryPoint","urlTemplate":"https:\/\/www.golfinschottland.com\/?s={search_term_string}"},"query-input":{"@type":"PropertyValueSpecification","valueRequired":true,"valueName":"search_term_string"}}],"inLanguage":"fr-FR"}]}},"_links":{"self":[{"href":"https:\/\/www.golfinschottland.com\/fr\/wp-json\/wp\/v2\/pages\/4840","targetHints":{"allow":["GET"]}}],"collection":[{"href":"https:\/\/www.golfinschottland.com\/fr\/wp-json\/wp\/v2\/pages"}],"about":[{"href":"https:\/\/www.golfinschottland.com\/fr\/wp-json\/wp\/v2\/types\/page"}],"author":[{"embeddable":true,"href":"https:\/\/www.golfinschottland.com\/fr\/wp-json\/wp\/v2\/users\/5"}],"replies":[{"embeddable":true,"href":"https:\/\/www.golfinschottland.com\/fr\/wp-json\/wp\/v2\/comments?post=4840"}],"version-history":[{"count":2,"href":"https:\/\/www.golfinschottland.com\/fr\/wp-json\/wp\/v2\/pages\/4840\/revisions"}],"predecessor-version":[{"id":4855,"href":"https:\/\/www.golfinschottland.com\/fr\/wp-json\/wp\/v2\/pages\/4840\/revisions\/4855"}],"up":[{"embeddable":true,"href":"https:\/\/www.golfinschottland.com\/fr\/wp-json\/wp\/v2\/pages\/51"}],"wp:attachment":[{"href":"https:\/\/www.golfinschottland.com\/fr\/wp-json\/wp\/v2\/media?parent=4840"}],"curies":[{"name":"wp","href":"https:\/\/api.w.org\/{rel}","templated":true}]}}