{"id":4838,"date":"2017-05-26T22:36:38","date_gmt":"2017-05-26T22:36:38","guid":{"rendered":"https:\/\/www.golfinschottland.com\/?page_id=4838\/"},"modified":"2017-06-04T15:51:01","modified_gmt":"2017-06-04T15:51:01","slug":"region-highlands-golfplatze","status":"publish","type":"page","link":"https:\/\/www.golfinschottland.com\/fr\/golfplatze-in-schottland\/region-highlands-golfplatze\/","title":{"rendered":"Region Highlands Golfpl\u00e4tze"},"content":{"rendered":"<div class=\"two-thirds first\">\n<p>Region Highlands Golfpl\u00e4tze<\/p>\n<p>&nbsp;<\/p>\n<p class=\"error\">Basic Google Maps Placemarks erreur\u00a0: les fichiers JavaScript et\/ou CSS n\u2019ont pas pu \u00eatre charg\u00e9s. SI vous utilisez la fonction do_shortcode(), vous devez d\u2019abord ajouter un filtre \u00e0 votre th\u00e8me. Voir <a href=\"http:\/\/wordpress.org\/extend\/plugins\/basic-google-maps-placemarks\/faq\/\">la FAQ<\/a> pour plus de d\u00e9tails.<\/p>\n<\/div>\n<div class=\"one-third\">\n<h2>Golf Course Regions<\/h2>\n<ul>\n<li><a title=\"St Andrews Region\" href=\"https:\/\/www.golfinschottland.com\/fr\/golfplatze-in-schottland\/region-st-andrews-golfplatze\/\">St Andrews Region<\/a><\/li>\n<li><a title=\"Highlands Region\" href=\"https:\/\/www.golfinschottland.com\/fr\/golfplatze-in-schottland\/region-highlands-golfplatze\/\">Highlands Region<\/a><\/li>\n<li><a title=\"S\u00fcdwest Region\" href=\"https:\/\/www.golfinschottland.com\/fr\/golfplatze-in-schottland\/region-sudwest-golfplatze\/\">S\u00fcdwest Region<\/a><\/li>\n<li><a title=\"Edinburgh Region\" href=\"https:\/\/www.golfinschottland.com\/fr\/golfplatze-in-schottland\/region-edinburgh-golfplatze\/\">Edinburgh Region<\/a><\/li>\n<li><a title=\"Zentral Region\" href=\"https:\/\/www.golfinschottland.com\/fr\/golfplatze-in-schottland\/region-zentral-golfplatze\/\">Zentral Region<\/a><\/li>\n<li><a title=\"Aberdeen Region\" href=\"https:\/\/www.golfinschottland.com\/fr\/golfplatze-in-schottland\/region-aberdeen-golfplatze\/\">Aberdeen Region<\/a><\/li>\n<\/ul>\n<h2>Golf Courses<\/h2>\n<ul id=\"bgmp_list\" class=\"bgmp_list\"><li id=\"bgmp_list-item-5008\" class=\"bgmp_list-item\">\n\t<h3 class=\"bgmp_list-placemark-title\">\n\t\tBoat of Garten\n\t\t\t\t\t<span class=\"bgmp_view-on-map-container\">\n\t\t\t\t[<a href=\"javascript:;\" data-marker-id=\"5008\" class=\"bgmp_view-on-map\">\n\t\t\t\t\tVoir sur la carte\t\t\t\t<\/a>]\n\t\t\t<\/span>\n\t\t\t<\/h3>\n\n\t<div class=\"bgmp_list-description\">\n\t\t\t\t<p><a href=\"https:\/\/www.golfinschottland.com\/golfplatze-in-schottland\/region-highlands-golfplatze\/boat-of-garten\/\"><img loading=\"lazy\" decoding=\"async\" class=\"size-full wp-image-5436 aligncenter\" src=\"https:\/\/www.golfinschottland.com\/wp-content\/uploads\/2017\/07\/BoatOfGarten-golf-in-schottland.jpg\" alt=\"Boat Of Garten\" width=\"150\" height=\"100\" \/><\/a><\/p>\n<p><a href=\"https:\/\/www.golfinschottland.com\/golfplatze-in-schottland\/region-highlands-golfplatze\/boat-of-garten\/\">Klicken Sie hier f\u00fcr Bilder und Einzelheiten \u00fcber den Platz<\/a><\/p>\n\t<\/div>\n\n\t<p class=\"bgmp_list-link\">\n\t\t<a href=\"http:\/\/google.com\/maps?q=57.250192,+-3.752258\">\n\t\t\t57.250192, -3.752258\t\t<\/a>\n\t<\/p>\n<\/li>\n<li id=\"bgmp_list-item-5010\" class=\"bgmp_list-item\">\n\t<h3 class=\"bgmp_list-placemark-title\">\n\t\tBrora\n\t\t\t\t\t<span class=\"bgmp_view-on-map-container\">\n\t\t\t\t[<a href=\"javascript:;\" data-marker-id=\"5010\" class=\"bgmp_view-on-map\">\n\t\t\t\t\tVoir sur la carte\t\t\t\t<\/a>]\n\t\t\t<\/span>\n\t\t\t<\/h3>\n\n\t<div class=\"bgmp_list-description\">\n\t\t\t\t<p><a href=\"https:\/\/www.golfinschottland.com\/golfplatze-in-schottland\/region-highlands-golfplatze\/brora\/\"><img loading=\"lazy\" decoding=\"async\" class=\"size-full wp-image-5472 aligncenter\" src=\"https:\/\/www.golfinschottland.com\/wp-content\/uploads\/2017\/07\/Brora-golf-in-schottland-1.jpg\" alt=\"Brora golf\" width=\"150\" height=\"100\" \/><\/a><\/p>\n<p><a href=\"https:\/\/www.golfinschottland.com\/golfplatze-in-schottland\/region-highlands-golfplatze\/brora\/\">Klicken Sie hier f\u00fcr Bilder und Einzelheiten \u00fcber den Platz<\/a><\/p>\n\t<\/div>\n\n\t<p class=\"bgmp_list-link\">\n\t\t<a href=\"http:\/\/google.com\/maps?q=58.011963,+-3.846392\">\n\t\t\t58.011963, -3.846392\t\t<\/a>\n\t<\/p>\n<\/li>\n<li id=\"bgmp_list-item-5012\" class=\"bgmp_list-item\">\n\t<h3 class=\"bgmp_list-placemark-title\">\n\t\tCastle Stuart\n\t\t\t\t\t<span class=\"bgmp_view-on-map-container\">\n\t\t\t\t[<a href=\"javascript:;\" data-marker-id=\"5012\" class=\"bgmp_view-on-map\">\n\t\t\t\t\tVoir sur la carte\t\t\t\t<\/a>]\n\t\t\t<\/span>\n\t\t\t<\/h3>\n\n\t<div class=\"bgmp_list-description\">\n\t\t\t\t<p><a href=\"https:\/\/www.golfinschottland.com\/golfplatze-in-schottland\/region-highlands-golfplatze\/castle-stuart\/\"><img loading=\"lazy\" decoding=\"async\" class=\"size-full wp-image-5504 aligncenter\" src=\"https:\/\/www.golfinschottland.com\/wp-content\/uploads\/2017\/07\/Castle-Stuart-golf-in-schottland.jpg\" alt=\"Castle Stuart golf \" width=\"150\" height=\"100\" \/><\/a><\/p>\n<p><a href=\"https:\/\/www.golfinschottland.com\/golfplatze-in-schottland\/region-highlands-golfplatze\/castle-stuart\/\">Klicken Sie hier f\u00fcr Bilder und Einzelheiten \u00fcber den Platz<\/a><\/p>\n\t<\/div>\n\n\t<p class=\"bgmp_list-link\">\n\t\t<a href=\"http:\/\/google.com\/maps?q=57.529448,+-4.102892\">\n\t\t\t57.529448, -4.102892\t\t<\/a>\n\t<\/p>\n<\/li>\n<li id=\"bgmp_list-item-5014\" class=\"bgmp_list-item\">\n\t<h3 class=\"bgmp_list-placemark-title\">\n\t\tFortrose and Rosemarkie\n\t\t\t\t\t<span class=\"bgmp_view-on-map-container\">\n\t\t\t\t[<a href=\"javascript:;\" data-marker-id=\"5014\" class=\"bgmp_view-on-map\">\n\t\t\t\t\tVoir sur la carte\t\t\t\t<\/a>]\n\t\t\t<\/span>\n\t\t\t<\/h3>\n\n\t<div class=\"bgmp_list-description\">\n\t\t\t\t<p><a href=\"https:\/\/www.golfinschottland.com\/golfplatze-in-schottland\/region-highlands-golfplatze\/fortrose-rosemarkie\/\"><img loading=\"lazy\" decoding=\"async\" class=\"size-full wp-image-5557 aligncenter\" src=\"https:\/\/www.golfinschottland.com\/wp-content\/uploads\/2017\/07\/Fortrose-and-Rosemarkie-golf-in-schottland.jpg\" alt=\"Fortrose and Rosemarkie golf \" width=\"150\" height=\"95\" \/><\/a><\/p>\n<p><a href=\"https:\/\/www.golfinschottland.com\/golfplatze-in-schottland\/region-highlands-golfplatze\/fortrose-rosemarkie\/\">Klicken Sie hier f\u00fcr Bilder und Einzelheiten \u00fcber den Platz<\/a><\/p>\n\t<\/div>\n\n\t<p class=\"bgmp_list-link\">\n\t\t<a href=\"http:\/\/google.com\/maps?q=57.582226,+-4.108831\">\n\t\t\t57.582226, -4.108831\t\t<\/a>\n\t<\/p>\n<\/li>\n<li id=\"bgmp_list-item-5016\" class=\"bgmp_list-item\">\n\t<h3 class=\"bgmp_list-placemark-title\">\n\t\tGolspie\n\t\t\t\t\t<span class=\"bgmp_view-on-map-container\">\n\t\t\t\t[<a href=\"javascript:;\" data-marker-id=\"5016\" class=\"bgmp_view-on-map\">\n\t\t\t\t\tVoir sur la carte\t\t\t\t<\/a>]\n\t\t\t<\/span>\n\t\t\t<\/h3>\n\n\t<div class=\"bgmp_list-description\">\n\t\t\t\t<p><a href=\"https:\/\/www.golfinschottland.com\/golfplatze-in-schottland\/region-highlands-golfplatze\/golspie\/\"><img loading=\"lazy\" decoding=\"async\" class=\"size-full wp-image-5587 aligncenter\" src=\"https:\/\/www.golfinschottland.com\/wp-content\/uploads\/2017\/07\/Golspie-golf-in-schottland.jpg\" alt=\"Golspie golf \" width=\"150\" height=\"113\" \/><\/a><\/p>\n<p><a href=\"https:\/\/www.golfinschottland.com\/golfplatze-in-schottland\/region-highlands-golfplatze\/golspie\/\">Klicken Sie hier f\u00fcr Bilder und Einzelheiten \u00fcber den Platz<\/a><\/p>\n\t<\/div>\n\n\t<p class=\"bgmp_list-link\">\n\t\t<a href=\"http:\/\/google.com\/maps?q=57.964486,+-3.990838\">\n\t\t\t57.964486, -3.990838\t\t<\/a>\n\t<\/p>\n<\/li>\n<li id=\"bgmp_list-item-5021\" class=\"bgmp_list-item\">\n\t<h3 class=\"bgmp_list-placemark-title\">\n\t\tKingussie\n\t\t\t\t\t<span class=\"bgmp_view-on-map-container\">\n\t\t\t\t[<a href=\"javascript:;\" data-marker-id=\"5021\" class=\"bgmp_view-on-map\">\n\t\t\t\t\tVoir sur la carte\t\t\t\t<\/a>]\n\t\t\t<\/span>\n\t\t\t<\/h3>\n\n\t<div class=\"bgmp_list-description\">\n\t\t\t\t<p><a href=\"https:\/\/www.golfinschottland.com\/golfplatze-in-schottland\/region-highlands-golfplatze\/kingussie\/\"><img loading=\"lazy\" decoding=\"async\" class=\"aligncenter wp-image-3518 size-full\" src=\"https:\/\/www.golftravellers.com\/wp-content\/uploads\/2014\/06\/Par-3-Kingussie-Golf-Course2.jpg\" alt=\"Par 3 Kingussie Golf Course\" width=\"150\" height=\"113\" \/><\/a><\/p>\n<p><a href=\"https:\/\/www.golfinschottland.com\/golfplatze-in-schottland\/region-highlands-golfplatze\/kingussie\/\">Klicken Sie hier f\u00fcr Bilder und Einzelheiten \u00fcber den Platz<\/a><\/p>\n\t<\/div>\n\n\t<p class=\"bgmp_list-link\">\n\t\t<a href=\"http:\/\/google.com\/maps?q=57.088012,+-4.055324\">\n\t\t\t57.088012, -4.055324\t\t<\/a>\n\t<\/p>\n<\/li>\n<li id=\"bgmp_list-item-5023\" class=\"bgmp_list-item\">\n\t<h3 class=\"bgmp_list-placemark-title\">\n\t\tMoray (Old)\n\t\t\t\t\t<span class=\"bgmp_view-on-map-container\">\n\t\t\t\t[<a href=\"javascript:;\" data-marker-id=\"5023\" class=\"bgmp_view-on-map\">\n\t\t\t\t\tVoir sur la carte\t\t\t\t<\/a>]\n\t\t\t<\/span>\n\t\t\t<\/h3>\n\n\t<div class=\"bgmp_list-description\">\n\t\t\t\t<p><a href=\"https:\/\/www.golfinschottland.com\/golfplatze-in-schottland\/region-highlands-golfplatze\/moray-old\/\"><img loading=\"lazy\" decoding=\"async\" class=\"size-full wp-image-5696 aligncenter\" src=\"https:\/\/www.golfinschottland.com\/wp-content\/uploads\/2017\/07\/Moray-Old-golf-in-schottland.jpg\" alt=\"Moray Old Golf \" width=\"150\" height=\"85\" \/><\/a><\/p>\n<p><a href=\"https:\/\/www.golfinschottland.com\/golfplatze-in-schottland\/region-highlands-golfplatze\/moray-old\/\">Klicken Sie hier f\u00fcr Bilder und Einzelheiten \u00fcber den Platz<\/a><\/p>\n\t<\/div>\n\n\t<p class=\"bgmp_list-link\">\n\t\t<a href=\"http:\/\/google.com\/maps?q=57.719460,+-3.316465\">\n\t\t\t57.719460, -3.316465\t\t<\/a>\n\t<\/p>\n<\/li>\n<li id=\"bgmp_list-item-5026\" class=\"bgmp_list-item\">\n\t<h3 class=\"bgmp_list-placemark-title\">\n\t\tNairn\n\t\t\t\t\t<span class=\"bgmp_view-on-map-container\">\n\t\t\t\t[<a href=\"javascript:;\" data-marker-id=\"5026\" class=\"bgmp_view-on-map\">\n\t\t\t\t\tVoir sur la carte\t\t\t\t<\/a>]\n\t\t\t<\/span>\n\t\t\t<\/h3>\n\n\t<div class=\"bgmp_list-description\">\n\t\t\t\t<p><a href=\"https:\/\/www.golfinschottland.com\/golfplatze-in-schottland\/region-highlands-golfplatze\/nairn\/\"><img loading=\"lazy\" decoding=\"async\" class=\"size-full wp-image-5719 aligncenter\" src=\"https:\/\/www.golfinschottland.com\/wp-content\/uploads\/2017\/07\/Nairn-golf-in-schottland.jpg\" alt=\"Nairn Golf \" width=\"150\" height=\"102\" \/><\/a><\/p>\n<p><a href=\"https:\/\/www.golfinschottland.com\/golfplatze-in-schottland\/region-highlands-golfplatze\/nairn\/\">Klicken Sie hier f\u00fcr Bilder und Einzelheiten \u00fcber den Platz<\/a><\/p>\n\t<\/div>\n\n\t<p class=\"bgmp_list-link\">\n\t\t<a href=\"http:\/\/google.com\/maps?q=57.586654,+-3.899376\">\n\t\t\t57.586654, -3.899376\t\t<\/a>\n\t<\/p>\n<\/li>\n<li id=\"bgmp_list-item-5030\" class=\"bgmp_list-item\">\n\t<h3 class=\"bgmp_list-placemark-title\">\n\t\tRoyal Dornoch\n\t\t\t\t\t<span class=\"bgmp_view-on-map-container\">\n\t\t\t\t[<a href=\"javascript:;\" data-marker-id=\"5030\" class=\"bgmp_view-on-map\">\n\t\t\t\t\tVoir sur la carte\t\t\t\t<\/a>]\n\t\t\t<\/span>\n\t\t\t<\/h3>\n\n\t<div class=\"bgmp_list-description\">\n\t\t\t\t<p><a href=\"https:\/\/www.golfinschottland.com\/golfplatze-in-schottland\/region-highlands-golfplatze\/royal-dornoch\/\"><img loading=\"lazy\" decoding=\"async\" class=\"size-full wp-image-5771 aligncenter\" src=\"https:\/\/www.golfinschottland.com\/wp-content\/uploads\/2017\/07\/Royal-Dornoch-golf-in-schottland.jpg\" alt=\"Royal Dornoch Golf\" width=\"150\" height=\"120\" \/><\/a><\/p>\n<p><a href=\"https:\/\/www.golfinschottland.com\/golfplatze-in-schottland\/region-highlands-golfplatze\/royal-dornoch\/\">Klicken Sie hier f\u00fcr Bilder und Einzelheiten \u00fcber den Platz<\/a><\/p>\n\t<\/div>\n\n\t<p class=\"bgmp_list-link\">\n\t\t<a href=\"http:\/\/google.com\/maps?q=57.879296,+-4.024283\">\n\t\t\t57.879296, -4.024283\t\t<\/a>\n\t<\/p>\n<\/li>\n<li id=\"bgmp_list-item-5032\" class=\"bgmp_list-item\">\n\t<h3 class=\"bgmp_list-placemark-title\">\n\t\tSkibo Castle\n\t\t\t\t\t<span class=\"bgmp_view-on-map-container\">\n\t\t\t\t[<a href=\"javascript:;\" data-marker-id=\"5032\" class=\"bgmp_view-on-map\">\n\t\t\t\t\tVoir sur la carte\t\t\t\t<\/a>]\n\t\t\t<\/span>\n\t\t\t<\/h3>\n\n\t<div class=\"bgmp_list-description\">\n\t\t\t\t<p><a href=\"https:\/\/www.golfinschottland.com\/golfplatze-in-schottland\/region-highlands-golfplatze\/skibo-castle\/\"><img loading=\"lazy\" decoding=\"async\" class=\"size-full wp-image-5789 aligncenter\" src=\"https:\/\/www.golfinschottland.com\/wp-content\/uploads\/2017\/07\/Skibo-Castle-golf-in-schottland.jpg\" alt=\"Skibo Castle Golf\" width=\"150\" height=\"100\" \/><\/a><\/p>\n<p><a href=\"https:\/\/www.golfinschottland.com\/golfplatze-in-schottland\/region-highlands-golfplatze\/skibo-castle\/\">Klicken Sie hier f\u00fcr Bilder und Einzelheiten \u00fcber den Platz<\/a><\/p>\n\t<\/div>\n\n\t<p class=\"bgmp_list-link\">\n\t\t<a href=\"http:\/\/google.com\/maps?q=57.876713,+-4.133896\">\n\t\t\t57.876713, -4.133896\t\t<\/a>\n\t<\/p>\n<\/li>\n<li id=\"bgmp_list-item-5034\" class=\"bgmp_list-item\">\n\t<h3 class=\"bgmp_list-placemark-title\">\n\t\tSpey Valley\n\t\t\t\t\t<span class=\"bgmp_view-on-map-container\">\n\t\t\t\t[<a href=\"javascript:;\" data-marker-id=\"5034\" class=\"bgmp_view-on-map\">\n\t\t\t\t\tVoir sur la carte\t\t\t\t<\/a>]\n\t\t\t<\/span>\n\t\t\t<\/h3>\n\n\t<div class=\"bgmp_list-description\">\n\t\t\t\t<p><a href=\"https:\/\/www.golfinschottland.com\/golfplatze-in-schottland\/region-highlands-golfplatze\/spey-valley\/\"><img loading=\"lazy\" decoding=\"async\" class=\"size-full wp-image-5795 aligncenter\" src=\"https:\/\/www.golfinschottland.com\/wp-content\/uploads\/2017\/07\/Spey-Valley-golf-in-schottland.jpg\" alt=\"Spey Valley Golf \" width=\"150\" height=\"113\" \/><\/a><\/p>\n<p><a href=\"https:\/\/www.golfinschottland.com\/golfplatze-in-schottland\/region-highlands-golfplatze\/spey-valley\/\">Klicken Sie hier f\u00fcr Bilder und Einzelheiten \u00fcber den Platz<\/a><\/p>\n\t<\/div>\n\n\t<p class=\"bgmp_list-link\">\n\t\t<a href=\"http:\/\/google.com\/maps?q=57.199277,+-3.815154\">\n\t\t\t57.199277, -3.815154\t\t<\/a>\n\t<\/p>\n<\/li>\n<li id=\"bgmp_list-item-5036\" class=\"bgmp_list-item\">\n\t<h3 class=\"bgmp_list-placemark-title\">\n\t\tTain\n\t\t\t\t\t<span class=\"bgmp_view-on-map-container\">\n\t\t\t\t[<a href=\"javascript:;\" data-marker-id=\"5036\" class=\"bgmp_view-on-map\">\n\t\t\t\t\tVoir sur la carte\t\t\t\t<\/a>]\n\t\t\t<\/span>\n\t\t\t<\/h3>\n\n\t<div class=\"bgmp_list-description\">\n\t\t\t\t<p><a href=\"https:\/\/www.golfinschottland.com\/golfplatze-in-schottland\/region-highlands-golfplatze\/tain\/\"><img loading=\"lazy\" decoding=\"async\" class=\"size-full wp-image-5802 aligncenter\" src=\"https:\/\/www.golfinschottland.com\/wp-content\/uploads\/2017\/07\/Tain-golf-in-schottland.jpg\" alt=\"Tain Golf \" width=\"150\" height=\"113\" \/><\/a><\/p>\n<p><a href=\"https:\/\/www.golfinschottland.com\/golfplatze-in-schottland\/region-highlands-golfplatze\/tain\/\">Klicken Sie hier f\u00fcr Bilder und Einzelheiten \u00fcber den Platz<\/a><\/p>\n\t<\/div>\n\n\t<p class=\"bgmp_list-link\">\n\t\t<a href=\"http:\/\/google.com\/maps?q=57.816230,+-4.026913\">\n\t\t\t57.816230, -4.026913\t\t<\/a>\n\t<\/p>\n<\/li>\n<\/ul>\n<\/div>\n","protected":false},"excerpt":{"rendered":"<p>Region Highlands Golfpl\u00e4tze &nbsp; Golf Course Regions St Andrews Region Highlands Region S\u00fcdwest Region Edinburgh Region Zentral Region Aberdeen Region Golf Courses<\/p>\n","protected":false},"author":5,"featured_media":0,"parent":51,"menu_order":0,"comment_status":"closed","ping_status":"closed","template":"","meta":{"_genesis_hide_title":false,"_genesis_hide_breadcrumbs":false,"_genesis_hide_singular_image":false,"_genesis_hide_footer_widgets":false,"_genesis_custom_body_class":"","_genesis_custom_post_class":"","_genesis_layout":"","footnotes":""},"class_list":{"0":"post-4838","1":"page","2":"type-page","3":"status-publish","5":"entry"},"yoast_head":"<!-- This site is optimized with the Yoast SEO plugin v27.4 - https:\/\/yoast.com\/product\/yoast-seo-wordpress\/ -->\n<title>Region Highlands Golfpl\u00e4tze - Golf Schottland<\/title>\n<meta name=\"robots\" content=\"index, follow, max-snippet:-1, max-image-preview:large, max-video-preview:-1\" \/>\n<link rel=\"canonical\" href=\"https:\/\/www.golfinschottland.com\/fr\/golfplatze-in-schottland\/region-highlands-golfplatze\/\" \/>\n<meta property=\"og:locale\" content=\"fr_FR\" \/>\n<meta property=\"og:type\" content=\"article\" \/>\n<meta property=\"og:title\" content=\"Region Highlands Golfpl\u00e4tze - Golf Schottland\" \/>\n<meta property=\"og:description\" content=\"Region Highlands Golfpl\u00e4tze &nbsp; Golf Course Regions St Andrews Region Highlands Region S\u00fcdwest Region Edinburgh Region Zentral Region Aberdeen Region Golf Courses\" \/>\n<meta property=\"og:url\" content=\"https:\/\/www.golfinschottland.com\/fr\/golfplatze-in-schottland\/region-highlands-golfplatze\/\" \/>\n<meta property=\"og:site_name\" content=\"Golf Schottland - Golfreise nach Schottland auf Deutsch\" \/>\n<meta property=\"article:modified_time\" content=\"2017-06-04T15:51:01+00:00\" \/>\n<meta name=\"twitter:card\" content=\"summary_large_image\" \/>\n<script type=\"application\/ld+json\" class=\"yoast-schema-graph\">{\"@context\":\"https:\\\/\\\/schema.org\",\"@graph\":[{\"@type\":\"WebPage\",\"@id\":\"https:\\\/\\\/www.golfinschottland.com\\\/fr\\\/golfplatze-in-schottland\\\/region-highlands-golfplatze\\\/\",\"url\":\"https:\\\/\\\/www.golfinschottland.com\\\/fr\\\/golfplatze-in-schottland\\\/region-highlands-golfplatze\\\/\",\"name\":\"Region Highlands Golfpl\u00e4tze - Golf Schottland\",\"isPartOf\":{\"@id\":\"https:\\\/\\\/www.golfinschottland.com\\\/#website\"},\"datePublished\":\"2017-05-26T22:36:38+00:00\",\"dateModified\":\"2017-06-04T15:51:01+00:00\",\"breadcrumb\":{\"@id\":\"https:\\\/\\\/www.golfinschottland.com\\\/fr\\\/golfplatze-in-schottland\\\/region-highlands-golfplatze\\\/#breadcrumb\"},\"inLanguage\":\"fr-FR\",\"potentialAction\":[{\"@type\":\"ReadAction\",\"target\":[\"https:\\\/\\\/www.golfinschottland.com\\\/fr\\\/golfplatze-in-schottland\\\/region-highlands-golfplatze\\\/\"]}]},{\"@type\":\"BreadcrumbList\",\"@id\":\"https:\\\/\\\/www.golfinschottland.com\\\/fr\\\/golfplatze-in-schottland\\\/region-highlands-golfplatze\\\/#breadcrumb\",\"itemListElement\":[{\"@type\":\"ListItem\",\"position\":1,\"name\":\"Startseite\",\"item\":\"https:\\\/\\\/www.golfinschottland.com\\\/\"},{\"@type\":\"ListItem\",\"position\":2,\"name\":\"Golfpl\u00e4tze in Schottland\",\"item\":\"https:\\\/\\\/www.golfinschottland.com\\\/fr\\\/golfplatze-in-schottland\\\/\"},{\"@type\":\"ListItem\",\"position\":3,\"name\":\"Region Highlands Golfpl\u00e4tze\"}]},{\"@type\":\"WebSite\",\"@id\":\"https:\\\/\\\/www.golfinschottland.com\\\/#website\",\"url\":\"https:\\\/\\\/www.golfinschottland.com\\\/\",\"name\":\"Golf Schottland - Golfreise nach Schottland auf Deutsch\",\"description\":\"Wir sind ein spezialisiertes Golf Team f\u00fcr Veranstaltungen von ma\u00dfgeschneiderte Golfurlaube in Saint Andrews und in ganz Schottland f\u00fcr alle Gruppengr\u00f6\u00dfen.\",\"potentialAction\":[{\"@type\":\"SearchAction\",\"target\":{\"@type\":\"EntryPoint\",\"urlTemplate\":\"https:\\\/\\\/www.golfinschottland.com\\\/?s={search_term_string}\"},\"query-input\":{\"@type\":\"PropertyValueSpecification\",\"valueRequired\":true,\"valueName\":\"search_term_string\"}}],\"inLanguage\":\"fr-FR\"}]}<\/script>\n<!-- \/ Yoast SEO plugin. -->","yoast_head_json":{"title":"Region Highlands Golfpl\u00e4tze - Golf Schottland","robots":{"index":"index","follow":"follow","max-snippet":"max-snippet:-1","max-image-preview":"max-image-preview:large","max-video-preview":"max-video-preview:-1"},"canonical":"https:\/\/www.golfinschottland.com\/fr\/golfplatze-in-schottland\/region-highlands-golfplatze\/","og_locale":"fr_FR","og_type":"article","og_title":"Region Highlands Golfpl\u00e4tze - Golf Schottland","og_description":"Region Highlands Golfpl\u00e4tze &nbsp; Golf Course Regions St Andrews Region Highlands Region S\u00fcdwest Region Edinburgh Region Zentral Region Aberdeen Region Golf Courses","og_url":"https:\/\/www.golfinschottland.com\/fr\/golfplatze-in-schottland\/region-highlands-golfplatze\/","og_site_name":"Golf Schottland - Golfreise nach Schottland auf Deutsch","article_modified_time":"2017-06-04T15:51:01+00:00","twitter_card":"summary_large_image","schema":{"@context":"https:\/\/schema.org","@graph":[{"@type":"WebPage","@id":"https:\/\/www.golfinschottland.com\/fr\/golfplatze-in-schottland\/region-highlands-golfplatze\/","url":"https:\/\/www.golfinschottland.com\/fr\/golfplatze-in-schottland\/region-highlands-golfplatze\/","name":"Region Highlands Golfpl\u00e4tze - Golf Schottland","isPartOf":{"@id":"https:\/\/www.golfinschottland.com\/#website"},"datePublished":"2017-05-26T22:36:38+00:00","dateModified":"2017-06-04T15:51:01+00:00","breadcrumb":{"@id":"https:\/\/www.golfinschottland.com\/fr\/golfplatze-in-schottland\/region-highlands-golfplatze\/#breadcrumb"},"inLanguage":"fr-FR","potentialAction":[{"@type":"ReadAction","target":["https:\/\/www.golfinschottland.com\/fr\/golfplatze-in-schottland\/region-highlands-golfplatze\/"]}]},{"@type":"BreadcrumbList","@id":"https:\/\/www.golfinschottland.com\/fr\/golfplatze-in-schottland\/region-highlands-golfplatze\/#breadcrumb","itemListElement":[{"@type":"ListItem","position":1,"name":"Startseite","item":"https:\/\/www.golfinschottland.com\/"},{"@type":"ListItem","position":2,"name":"Golfpl\u00e4tze in Schottland","item":"https:\/\/www.golfinschottland.com\/fr\/golfplatze-in-schottland\/"},{"@type":"ListItem","position":3,"name":"Region Highlands Golfpl\u00e4tze"}]},{"@type":"WebSite","@id":"https:\/\/www.golfinschottland.com\/#website","url":"https:\/\/www.golfinschottland.com\/","name":"Golf Schottland - Golfreise nach Schottland auf Deutsch","description":"Wir sind ein spezialisiertes Golf Team f\u00fcr Veranstaltungen von ma\u00dfgeschneiderte Golfurlaube in Saint Andrews und in ganz Schottland f\u00fcr alle Gruppengr\u00f6\u00dfen.","potentialAction":[{"@type":"SearchAction","target":{"@type":"EntryPoint","urlTemplate":"https:\/\/www.golfinschottland.com\/?s={search_term_string}"},"query-input":{"@type":"PropertyValueSpecification","valueRequired":true,"valueName":"search_term_string"}}],"inLanguage":"fr-FR"}]}},"_links":{"self":[{"href":"https:\/\/www.golfinschottland.com\/fr\/wp-json\/wp\/v2\/pages\/4838","targetHints":{"allow":["GET"]}}],"collection":[{"href":"https:\/\/www.golfinschottland.com\/fr\/wp-json\/wp\/v2\/pages"}],"about":[{"href":"https:\/\/www.golfinschottland.com\/fr\/wp-json\/wp\/v2\/types\/page"}],"author":[{"embeddable":true,"href":"https:\/\/www.golfinschottland.com\/fr\/wp-json\/wp\/v2\/users\/5"}],"replies":[{"embeddable":true,"href":"https:\/\/www.golfinschottland.com\/fr\/wp-json\/wp\/v2\/comments?post=4838"}],"version-history":[{"count":3,"href":"https:\/\/www.golfinschottland.com\/fr\/wp-json\/wp\/v2\/pages\/4838\/revisions"}],"predecessor-version":[{"id":4851,"href":"https:\/\/www.golfinschottland.com\/fr\/wp-json\/wp\/v2\/pages\/4838\/revisions\/4851"}],"up":[{"embeddable":true,"href":"https:\/\/www.golfinschottland.com\/fr\/wp-json\/wp\/v2\/pages\/51"}],"wp:attachment":[{"href":"https:\/\/www.golfinschottland.com\/fr\/wp-json\/wp\/v2\/media?parent=4838"}],"curies":[{"name":"wp","href":"https:\/\/api.w.org\/{rel}","templated":true}]}}