{"id":331,"date":"2015-01-27T09:53:32","date_gmt":"2015-01-27T09:53:32","guid":{"rendered":"https:\/\/www.golfinschottland.com\/?page_id=331"},"modified":"2016-03-17T17:12:17","modified_gmt":"2016-03-17T17:12:17","slug":"transport","status":"publish","type":"page","link":"https:\/\/www.golfinschottland.com\/fr\/transport\/","title":{"rendered":"Transport pour le golf au Maroc"},"content":{"rendered":"<h2>\u00a0<br \/>Voitures de location &#8211; Golf Maroc<\/h2>\n<table cellpadding=\"5\">\n<tbody>\n<tr>\n<td>\n<h4><strong>Taille moyenne<\/strong><\/h4>\n<\/td>\n<td>\u00a0<\/td>\n<\/tr>\n<tr>\n<td>\u00a0<img loading=\"lazy\" decoding=\"async\" class=\"alignleft wp-image-337 size-full\" src=\"https:\/\/www.golfinschottland.com\/wp-content\/uploads\/2015\/01\/ford-focus.jpg\" alt=\"Ford Focus Golf Maroc\" width=\"295\" height=\"170\" \/><\/td>\n<td>Pour 1 ou 2 golfeurs avec leurs sacs de golf et bagages<\/td>\n<\/tr>\n<tr>\n<td>\n<h4><strong>Break<\/strong><\/h4>\n<\/td>\n<td>\u00a0<\/td>\n<\/tr>\n<tr>\n<td>Pour un groupe de 3 \u00e0 4 golfeurs avec leurs sacs de golf et bagages<\/td>\n<td>\u00a0<img loading=\"lazy\" decoding=\"async\" class=\"alignleft wp-image-339 size-full\" src=\"https:\/\/www.golfinschottland.com\/wp-content\/uploads\/2015\/01\/ford-focus-estate.jpg\" alt=\"Ford Focus Estate Golf Maroc\" width=\"295\" height=\"145\" \/><\/td>\n<\/tr>\n<tr>\n<td>\n<h4><strong>Monospace<\/strong><\/h4>\n<\/td>\n<td>\u00a0<\/td>\n<\/tr>\n<tr>\n<td><img loading=\"lazy\" decoding=\"async\" class=\"alignleft wp-image-341 size-full\" src=\"https:\/\/www.golfinschottland.com\/wp-content\/uploads\/2015\/01\/ford-galaxy.jpg\" alt=\"Ford Galaxy Golf Maroc\" width=\"295\" height=\"145\" \/>\u00a0<\/td>\n<td>\n<p>Pour un groupe de 4 golfeurs avec leurs sacs de golf et bagages<\/p>\n<\/td>\n<\/tr>\n<tr>\n<td>\n<h4><strong>Minibus<\/strong><\/h4>\n<\/td>\n<td>\u00a0<\/td>\n<\/tr>\n<tr>\n<td>Pour un groupe de 5 \u00e0 6 golfeurs avec leurs sacs de golf et bagages<\/td>\n<td>\u00a0<img loading=\"lazy\" decoding=\"async\" class=\"alignleft wp-image-343 size-full\" src=\"https:\/\/www.golfinschottland.com\/wp-content\/uploads\/2015\/01\/volkswagen-transporter.jpg\" alt=\"Volkswagen Transporter pour le golf au Maroc\" width=\"295\" height=\"168\" \/><\/td>\n<\/tr>\n<\/tbody>\n<\/table>\n<h2>\u00a0<br \/>Transferts avec chauffeur &#8211; Golf Maroc<\/h2>\n<table style=\"height: 838px;\" width=\"938\">\n<tbody>\n<tr>\n<td>\n<h4>\u00a0<strong>Minibus<\/strong><\/h4>\n<\/td>\n<td>\u00a0<\/td>\n<\/tr>\n<tr>\n<td>\n<p><img loading=\"lazy\" decoding=\"async\" class=\"alignleft wp-image-3804 size-full\" src=\"https:\/\/www.golfinschottland.com\/wp-content\/uploads\/2015\/01\/mercedes-vito.jpg\" alt=\"Mercedes Vito pour les s\u00e9jours de golf au Maroc\" width=\"295\" height=\"186\" \/>\u00a0 \u00a0 \u00a0 \u00a0 \u00a0 \u00a0 \u00a0 \u00a0 \u00a0 \u00a0 \u00a0 \u00a0 \u00a0 \u00a0 \u00a0 \u00a0 \u00a0 \u00a0 \u00a0 \u00a0 \u00a0 \u00a0 \u00a0 \u00a0 \u00a0 \u00a0 \u00a0 \u00a0 \u00a0 \u00a0\u00a0<\/p>\n<\/td>\n<td>\n<p>Pour 1 \u00e0 5 golfeurs avec leur sacs de golf et bagages<\/p>\n<\/td>\n<\/tr>\n<tr>\n<td>\u00a0<\/td>\n<td>\u00a0<\/td>\n<\/tr>\n<tr>\n<td>\n<p>Pour 6 \u00e0 12 golfeurs avec leurs sacs de golf et bagages<\/p>\n<\/td>\n<td>\n<p><img loading=\"lazy\" decoding=\"async\" class=\"alignleft wp-image-3807 size-full\" src=\"https:\/\/www.golfinschottland.com\/wp-content\/uploads\/2015\/01\/mercedes-sprinter.jpg\" alt=\"V\u00e9hicule Mercedes Sprinter pour le golf au Maroc\" width=\"295\" height=\"221\" \/><\/p>\n<\/td>\n<\/tr>\n<tr>\n<td>\n<h4><strong>\u00a0Autobus<\/strong><\/h4>\n<\/td>\n<td>\u00a0<\/td>\n<\/tr>\n<tr>\n<td><img loading=\"lazy\" decoding=\"async\" class=\"alignleft wp-image-3813 size-full\" src=\"https:\/\/www.golfinschottland.com\/wp-content\/uploads\/2015\/01\/autocar.jpg\" alt=\"S\u00e9jour de golf au Maroc avec tranferts en autocar\" width=\"295\" height=\"143\" \/><\/td>\n<td>Pour 13 \u00e0 24 golfeurs avec leurs sacs de golf et bagages<\/td>\n<\/tr>\n<\/tbody>\n<\/table>\n","protected":false},"excerpt":{"rendered":"<p>\u00a0Voitures de location &#8211; Golf Maroc Taille moyenne \u00a0 \u00a0 Pour 1 ou 2 golfeurs avec leurs sacs de golf et bagages Break \u00a0 Pour un groupe de 3 \u00e0 4 golfeurs avec leurs sacs de golf et bagages \u00a0 Monospace \u00a0 \u00a0 Pour un groupe de 4 golfeurs avec leurs sacs de golf et [&hellip;]<\/p>\n","protected":false},"author":4,"featured_media":0,"parent":0,"menu_order":0,"comment_status":"open","ping_status":"open","template":"","meta":{"_genesis_hide_title":false,"_genesis_hide_breadcrumbs":false,"_genesis_hide_singular_image":false,"_genesis_hide_footer_widgets":false,"_genesis_custom_body_class":"","_genesis_custom_post_class":"","_genesis_layout":"full-width-content","footnotes":""},"class_list":{"0":"post-331","1":"page","2":"type-page","3":"status-publish","5":"entry"},"yoast_head":"<!-- This site is optimized with the Yoast SEO plugin v26.2 - https:\/\/yoast.com\/wordpress\/plugins\/seo\/ -->\n<title>Transport pour les voyages de golf au Maroc<\/title>\n<meta name=\"description\" content=\"Notre agence r\u00e9servera des v\u00e9hicules de location ou des transferts avec chauffeurs pour vos d\u00e9placements au Maroc pour votre s\u00e9jour de golf.\" \/>\n<meta name=\"robots\" content=\"index, follow, max-snippet:-1, max-image-preview:large, max-video-preview:-1\" \/>\n<link rel=\"canonical\" href=\"https:\/\/www.golfinschottland.com\/fr\/transport\/\" \/>\n<meta property=\"og:locale\" content=\"fr_FR\" \/>\n<meta property=\"og:type\" content=\"article\" \/>\n<meta property=\"og:title\" content=\"Transport pour les voyages de golf au Maroc\" \/>\n<meta property=\"og:description\" content=\"Notre agence r\u00e9servera des v\u00e9hicules de location ou des transferts avec chauffeurs pour vos d\u00e9placements au Maroc pour votre s\u00e9jour de golf.\" \/>\n<meta property=\"og:url\" content=\"https:\/\/www.golfinschottland.com\/fr\/transport\/\" \/>\n<meta property=\"og:site_name\" content=\"Golf Schottland - Golfreise nach Schottland auf Deutsch\" \/>\n<meta property=\"article:modified_time\" content=\"2016-03-17T17:12:17+00:00\" \/>\n<meta property=\"og:image\" content=\"https:\/\/www.golfinschottland.com\/wp-content\/uploads\/2015\/01\/ford-focus.jpg\" \/>\n<meta name=\"twitter:card\" content=\"summary_large_image\" \/>\n<script type=\"application\/ld+json\" class=\"yoast-schema-graph\">{\"@context\":\"https:\/\/schema.org\",\"@graph\":[{\"@type\":\"WebPage\",\"@id\":\"https:\/\/www.golfinschottland.com\/fr\/transport\/\",\"url\":\"https:\/\/www.golfinschottland.com\/fr\/transport\/\",\"name\":\"Transport pour les voyages de golf au Maroc\",\"isPartOf\":{\"@id\":\"https:\/\/www.golfinschottland.com\/#website\"},\"primaryImageOfPage\":{\"@id\":\"https:\/\/www.golfinschottland.com\/fr\/transport\/#primaryimage\"},\"image\":{\"@id\":\"https:\/\/www.golfinschottland.com\/fr\/transport\/#primaryimage\"},\"thumbnailUrl\":\"https:\/\/www.golfinschottland.com\/wp-content\/uploads\/2015\/01\/ford-focus.jpg\",\"datePublished\":\"2015-01-27T09:53:32+00:00\",\"dateModified\":\"2016-03-17T17:12:17+00:00\",\"description\":\"Notre agence r\u00e9servera des v\u00e9hicules de location ou des transferts avec chauffeurs pour vos d\u00e9placements au Maroc pour votre s\u00e9jour de golf.\",\"breadcrumb\":{\"@id\":\"https:\/\/www.golfinschottland.com\/fr\/transport\/#breadcrumb\"},\"inLanguage\":\"fr-FR\",\"potentialAction\":[{\"@type\":\"ReadAction\",\"target\":[\"https:\/\/www.golfinschottland.com\/fr\/transport\/\"]}]},{\"@type\":\"ImageObject\",\"inLanguage\":\"fr-FR\",\"@id\":\"https:\/\/www.golfinschottland.com\/fr\/transport\/#primaryimage\",\"url\":\"https:\/\/www.golfinschottland.com\/wp-content\/uploads\/2015\/01\/ford-focus.jpg\",\"contentUrl\":\"https:\/\/www.golfinschottland.com\/wp-content\/uploads\/2015\/01\/ford-focus.jpg\"},{\"@type\":\"BreadcrumbList\",\"@id\":\"https:\/\/www.golfinschottland.com\/fr\/transport\/#breadcrumb\",\"itemListElement\":[{\"@type\":\"ListItem\",\"position\":1,\"name\":\"Startseite\",\"item\":\"https:\/\/www.golfinschottland.com\/\"},{\"@type\":\"ListItem\",\"position\":2,\"name\":\"Transport pour le golf au Maroc\"}]},{\"@type\":\"WebSite\",\"@id\":\"https:\/\/www.golfinschottland.com\/#website\",\"url\":\"https:\/\/www.golfinschottland.com\/\",\"name\":\"Golf Schottland - Golfreise nach Schottland auf Deutsch\",\"description\":\"Wir sind ein spezialisiertes Golf Team f\u00fcr Veranstaltungen von ma\u00dfgeschneiderte Golfurlaube in Saint Andrews und in ganz Schottland f\u00fcr alle Gruppengr\u00f6\u00dfen.\",\"potentialAction\":[{\"@type\":\"SearchAction\",\"target\":{\"@type\":\"EntryPoint\",\"urlTemplate\":\"https:\/\/www.golfinschottland.com\/?s={search_term_string}\"},\"query-input\":{\"@type\":\"PropertyValueSpecification\",\"valueRequired\":true,\"valueName\":\"search_term_string\"}}],\"inLanguage\":\"fr-FR\"}]}<\/script>\n<!-- \/ Yoast SEO plugin. -->","yoast_head_json":{"title":"Transport pour les voyages de golf au Maroc","description":"Notre agence r\u00e9servera des v\u00e9hicules de location ou des transferts avec chauffeurs pour vos d\u00e9placements au Maroc pour votre s\u00e9jour de golf.","robots":{"index":"index","follow":"follow","max-snippet":"max-snippet:-1","max-image-preview":"max-image-preview:large","max-video-preview":"max-video-preview:-1"},"canonical":"https:\/\/www.golfinschottland.com\/fr\/transport\/","og_locale":"fr_FR","og_type":"article","og_title":"Transport pour les voyages de golf au Maroc","og_description":"Notre agence r\u00e9servera des v\u00e9hicules de location ou des transferts avec chauffeurs pour vos d\u00e9placements au Maroc pour votre s\u00e9jour de golf.","og_url":"https:\/\/www.golfinschottland.com\/fr\/transport\/","og_site_name":"Golf Schottland - Golfreise nach Schottland auf Deutsch","article_modified_time":"2016-03-17T17:12:17+00:00","og_image":[{"url":"https:\/\/www.golfinschottland.com\/wp-content\/uploads\/2015\/01\/ford-focus.jpg","type":"","width":"","height":""}],"twitter_card":"summary_large_image","schema":{"@context":"https:\/\/schema.org","@graph":[{"@type":"WebPage","@id":"https:\/\/www.golfinschottland.com\/fr\/transport\/","url":"https:\/\/www.golfinschottland.com\/fr\/transport\/","name":"Transport pour les voyages de golf au Maroc","isPartOf":{"@id":"https:\/\/www.golfinschottland.com\/#website"},"primaryImageOfPage":{"@id":"https:\/\/www.golfinschottland.com\/fr\/transport\/#primaryimage"},"image":{"@id":"https:\/\/www.golfinschottland.com\/fr\/transport\/#primaryimage"},"thumbnailUrl":"https:\/\/www.golfinschottland.com\/wp-content\/uploads\/2015\/01\/ford-focus.jpg","datePublished":"2015-01-27T09:53:32+00:00","dateModified":"2016-03-17T17:12:17+00:00","description":"Notre agence r\u00e9servera des v\u00e9hicules de location ou des transferts avec chauffeurs pour vos d\u00e9placements au Maroc pour votre s\u00e9jour de golf.","breadcrumb":{"@id":"https:\/\/www.golfinschottland.com\/fr\/transport\/#breadcrumb"},"inLanguage":"fr-FR","potentialAction":[{"@type":"ReadAction","target":["https:\/\/www.golfinschottland.com\/fr\/transport\/"]}]},{"@type":"ImageObject","inLanguage":"fr-FR","@id":"https:\/\/www.golfinschottland.com\/fr\/transport\/#primaryimage","url":"https:\/\/www.golfinschottland.com\/wp-content\/uploads\/2015\/01\/ford-focus.jpg","contentUrl":"https:\/\/www.golfinschottland.com\/wp-content\/uploads\/2015\/01\/ford-focus.jpg"},{"@type":"BreadcrumbList","@id":"https:\/\/www.golfinschottland.com\/fr\/transport\/#breadcrumb","itemListElement":[{"@type":"ListItem","position":1,"name":"Startseite","item":"https:\/\/www.golfinschottland.com\/"},{"@type":"ListItem","position":2,"name":"Transport pour le golf au Maroc"}]},{"@type":"WebSite","@id":"https:\/\/www.golfinschottland.com\/#website","url":"https:\/\/www.golfinschottland.com\/","name":"Golf Schottland - Golfreise nach Schottland auf Deutsch","description":"Wir sind ein spezialisiertes Golf Team f\u00fcr Veranstaltungen von ma\u00dfgeschneiderte Golfurlaube in Saint Andrews und in ganz Schottland f\u00fcr alle Gruppengr\u00f6\u00dfen.","potentialAction":[{"@type":"SearchAction","target":{"@type":"EntryPoint","urlTemplate":"https:\/\/www.golfinschottland.com\/?s={search_term_string}"},"query-input":{"@type":"PropertyValueSpecification","valueRequired":true,"valueName":"search_term_string"}}],"inLanguage":"fr-FR"}]}},"_links":{"self":[{"href":"https:\/\/www.golfinschottland.com\/fr\/wp-json\/wp\/v2\/pages\/331","targetHints":{"allow":["GET"]}}],"collection":[{"href":"https:\/\/www.golfinschottland.com\/fr\/wp-json\/wp\/v2\/pages"}],"about":[{"href":"https:\/\/www.golfinschottland.com\/fr\/wp-json\/wp\/v2\/types\/page"}],"author":[{"embeddable":true,"href":"https:\/\/www.golfinschottland.com\/fr\/wp-json\/wp\/v2\/users\/4"}],"replies":[{"embeddable":true,"href":"https:\/\/www.golfinschottland.com\/fr\/wp-json\/wp\/v2\/comments?post=331"}],"version-history":[{"count":20,"href":"https:\/\/www.golfinschottland.com\/fr\/wp-json\/wp\/v2\/pages\/331\/revisions"}],"predecessor-version":[{"id":4257,"href":"https:\/\/www.golfinschottland.com\/fr\/wp-json\/wp\/v2\/pages\/331\/revisions\/4257"}],"wp:attachment":[{"href":"https:\/\/www.golfinschottland.com\/fr\/wp-json\/wp\/v2\/media?parent=331"}],"curies":[{"name":"wp","href":"https:\/\/api.w.org\/{rel}","templated":true}]}}